{"id":2404,"date":"2022-05-18T13:32:10","date_gmt":"2022-05-18T13:32:10","guid":{"rendered":"https:\/\/koraledetale.pl\/?post_type=product&#038;p=2404"},"modified":"2024-11-12T10:18:35","modified_gmt":"2024-11-12T10:18:35","slug":"mala-na-wyciszenie","status":"publish","type":"product","link":"https:\/\/koraledetale.pl\/?product=mala-na-wyciszenie","title":{"rendered":"Mala na wyciszenie"},"content":{"rendered":"<p>Wielko\u015b\u0107 kamieni:<\/p>\n<ul>\n<li>jaspis \u2013 6 mm,<\/li>\n<li>agat \u2013 16 mm.<\/li>\n<\/ul>\n<p>D\u0142ugo\u015b\u0107 mali \u2013 84 cm + guru z chwostem \u2013 10,5 cm.<\/p>\n","protected":false},"excerpt":{"rendered":"<p>Mala z jaspisami: niebieskimi i obrazkowymi, koralikiem guru z agatu, ozdobnym koralikiem ze stali chirurgicznej (szlachetnej) i wiskozowym chwostem.<\/p>\n","protected":false},"featured_media":2406,"comment_status":"open","ping_status":"closed","template":"","meta":{"advanced_seo_description":"","jetpack_seo_html_title":"","jetpack_seo_noindex":false},"product_brand":[],"product_cat":[229],"product_tag":[127,724,892,891,772],"class_list":{"0":"post-2404","1":"product","2":"type-product","3":"status-publish","4":"has-post-thumbnail","6":"product_cat-sprzedane","7":"product_tag-agat","8":"product_tag-jaspis","9":"product_tag-mala-z-blekitnym-chwostem","10":"product_tag-mala-z-jaspisami","11":"product_tag-naszyjnik-do-medytacji","13":"first","14":"outofstock","15":"shipping-taxable","16":"product-type-simple"},"jetpack_sharing_enabled":true,"_links":{"self":[{"href":"https:\/\/koraledetale.pl\/index.php?rest_route=\/wp\/v2\/product\/2404","targetHints":{"allow":["GET"]}}],"collection":[{"href":"https:\/\/koraledetale.pl\/index.php?rest_route=\/wp\/v2\/product"}],"about":[{"href":"https:\/\/koraledetale.pl\/index.php?rest_route=\/wp\/v2\/types\/product"}],"replies":[{"embeddable":true,"href":"https:\/\/koraledetale.pl\/index.php?rest_route=%2Fwp%2Fv2%2Fcomments&post=2404"}],"wp:featuredmedia":[{"embeddable":true,"href":"https:\/\/koraledetale.pl\/index.php?rest_route=\/wp\/v2\/media\/2406"}],"wp:attachment":[{"href":"https:\/\/koraledetale.pl\/index.php?rest_route=%2Fwp%2Fv2%2Fmedia&parent=2404"}],"wp:term":[{"taxonomy":"product_brand","embeddable":true,"href":"https:\/\/koraledetale.pl\/index.php?rest_route=%2Fwp%2Fv2%2Fproduct_brand&post=2404"},{"taxonomy":"product_cat","embeddable":true,"href":"https:\/\/koraledetale.pl\/index.php?rest_route=%2Fwp%2Fv2%2Fproduct_cat&post=2404"},{"taxonomy":"product_tag","embeddable":true,"href":"https:\/\/koraledetale.pl\/index.php?rest_route=%2Fwp%2Fv2%2Fproduct_tag&post=2404"}],"curies":[{"name":"wp","href":"https:\/\/api.w.org\/{rel}","templated":true}]}}