{"id":2402,"date":"2022-05-16T10:03:52","date_gmt":"2022-05-16T10:03:52","guid":{"rendered":"https:\/\/koraledetale.pl\/?post_type=product&#038;p=2402"},"modified":"2024-11-12T10:18:49","modified_gmt":"2024-11-12T10:18:49","slug":"bransoletka-urodzaj-z-hematytami","status":"publish","type":"product","link":"https:\/\/koraledetale.pl\/?product=bransoletka-urodzaj-z-hematytami","title":{"rendered":"Bransoletka URODZAJ z hematytami"},"content":{"rendered":"<p>Wielko\u015b\u0107 kamieni:<\/p>\n<ul>\n<li>hematyt \u2013 1,5 x 1,5 mm,<\/li>\n<li>lapis lazuri \u2013 2 mm,<\/li>\n<li>spinel \u2013 2 mm,<\/li>\n<li>magnezyt \u2013 2 mm.<\/li>\n<\/ul>\n<p>D\u0142ugo\u015b\u0107 bransoletki: 15,5 &#8211; 18 cm.<\/p>\n","protected":false},"excerpt":{"rendered":"<p>Bransoletka z drobnych wa\u0142eczk\u00f3w srebrnych hematyt\u00f3w przeplatanych drobnymi lapis lazuri, spinelami i magnezytami. Kamienie s\u0105 zasupe\u0142kowane na czerwonej, mocnej nici jubilerskiej. Zwie\u0144czeniem bransoletki jest zawieszka \u2013 lunula z czerwon\u0105 nitk\u0105 dla ochrony i szcz\u0119\u015bcia.<\/p>\n<p>Zawieszka i zapi\u0119cie wykonane s\u0105 z nieuczulaj\u0105cej stali chirurgicznej (szlachetnej).<\/p>\n","protected":false},"featured_media":2395,"comment_status":"open","ping_status":"closed","template":"","meta":{"advanced_seo_description":"","jetpack_seo_html_title":"","jetpack_seo_noindex":false},"product_brand":[],"product_cat":[229],"product_tag":[194,889,890,81,757,491,39,26],"class_list":{"0":"post-2402","1":"product","2":"type-product","3":"status-publish","4":"has-post-thumbnail","6":"product_cat-sprzedane","7":"product_tag-bransoletka-z-drobnych-hematytow","8":"product_tag-bransoletka-z-drobnymi-kamieniami","9":"product_tag-bransoletka-z-lunula","10":"product_tag-lapis-lazuri","11":"product_tag-lunula","12":"product_tag-magnezyt","13":"product_tag-spinel","14":"product_tag-srebrny-hematyt","16":"first","17":"outofstock","18":"shipping-taxable","19":"product-type-simple"},"jetpack_sharing_enabled":true,"_links":{"self":[{"href":"https:\/\/koraledetale.pl\/index.php?rest_route=\/wp\/v2\/product\/2402","targetHints":{"allow":["GET"]}}],"collection":[{"href":"https:\/\/koraledetale.pl\/index.php?rest_route=\/wp\/v2\/product"}],"about":[{"href":"https:\/\/koraledetale.pl\/index.php?rest_route=\/wp\/v2\/types\/product"}],"replies":[{"embeddable":true,"href":"https:\/\/koraledetale.pl\/index.php?rest_route=%2Fwp%2Fv2%2Fcomments&post=2402"}],"wp:featuredmedia":[{"embeddable":true,"href":"https:\/\/koraledetale.pl\/index.php?rest_route=\/wp\/v2\/media\/2395"}],"wp:attachment":[{"href":"https:\/\/koraledetale.pl\/index.php?rest_route=%2Fwp%2Fv2%2Fmedia&parent=2402"}],"wp:term":[{"taxonomy":"product_brand","embeddable":true,"href":"https:\/\/koraledetale.pl\/index.php?rest_route=%2Fwp%2Fv2%2Fproduct_brand&post=2402"},{"taxonomy":"product_cat","embeddable":true,"href":"https:\/\/koraledetale.pl\/index.php?rest_route=%2Fwp%2Fv2%2Fproduct_cat&post=2402"},{"taxonomy":"product_tag","embeddable":true,"href":"https:\/\/koraledetale.pl\/index.php?rest_route=%2Fwp%2Fv2%2Fproduct_tag&post=2402"}],"curies":[{"name":"wp","href":"https:\/\/api.w.org\/{rel}","templated":true}]}}