{"id":2394,"date":"2022-05-16T09:52:26","date_gmt":"2022-05-16T09:52:26","guid":{"rendered":"https:\/\/koraledetale.pl\/?post_type=product&#038;p=2394"},"modified":"2024-11-12T10:19:05","modified_gmt":"2024-11-12T10:19:05","slug":"naszyjnik-urodzaj-z-hematytami","status":"publish","type":"product","link":"https:\/\/koraledetale.pl\/?product=naszyjnik-urodzaj-z-hematytami","title":{"rendered":"Naszyjnik URODZAJ z hematytami"},"content":{"rendered":"<p>Wielko\u015b\u0107 kamieni:<\/p>\n<ul>\n<li>hematyt &#8211; 1,5 x 1,5 mm,<\/li>\n<li>lapis lazuri &#8211; 2 mm,<\/li>\n<li>spinel &#8211; 2 mm,<\/li>\n<li>magnezyt &#8211; 2 mm.<\/li>\n<\/ul>\n<p>D\u0142ugo\u015b\u0107 naszyjnika: 40 &#8211; 45 cm + zawieszka 1 cm.<\/p>\n","protected":false},"excerpt":{"rendered":"<p>Naszyjnik z drobnych wa\u0142eczk\u00f3w srebrnych hematyt\u00f3w przeplatanych drobnymi lapis lazuri, spinelami i magnezytami. Kamienie s\u0105 zasupe\u0142kowane na czerwonej, mocnej nici jubilerskiej. Zwie\u0144czeniem naszyjnika jest zawieszka &#8211; lunula z czerwon\u0105 nitk\u0105 dla ochrony i szcz\u0119\u015bcia.<\/p>\n<p>Zawieszka i zapi\u0119cie wykonane s\u0105 z nieuczulaj\u0105cej stali chirurgicznej (szlachetnej).<\/p>\n","protected":false},"featured_media":2398,"comment_status":"open","ping_status":"closed","template":"","meta":{"advanced_seo_description":"","jetpack_seo_html_title":"","jetpack_seo_noindex":false},"product_brand":[],"product_cat":[229],"product_tag":[606,888,81,757,491,148,39,26],"class_list":{"0":"post-2394","1":"product","2":"type-product","3":"status-publish","4":"has-post-thumbnail","6":"product_cat-sprzedane","7":"product_tag-czerwona-nitka","8":"product_tag-krotki-naszyjnik-z-hematytow","9":"product_tag-lapis-lazuri","10":"product_tag-lunula","11":"product_tag-magnezyt","12":"product_tag-naszyjnik-z-drobnych-kamieni","13":"product_tag-spinel","14":"product_tag-srebrny-hematyt","16":"first","17":"outofstock","18":"shipping-taxable","19":"product-type-simple"},"jetpack_sharing_enabled":true,"_links":{"self":[{"href":"https:\/\/koraledetale.pl\/index.php?rest_route=\/wp\/v2\/product\/2394","targetHints":{"allow":["GET"]}}],"collection":[{"href":"https:\/\/koraledetale.pl\/index.php?rest_route=\/wp\/v2\/product"}],"about":[{"href":"https:\/\/koraledetale.pl\/index.php?rest_route=\/wp\/v2\/types\/product"}],"replies":[{"embeddable":true,"href":"https:\/\/koraledetale.pl\/index.php?rest_route=%2Fwp%2Fv2%2Fcomments&post=2394"}],"wp:featuredmedia":[{"embeddable":true,"href":"https:\/\/koraledetale.pl\/index.php?rest_route=\/wp\/v2\/media\/2398"}],"wp:attachment":[{"href":"https:\/\/koraledetale.pl\/index.php?rest_route=%2Fwp%2Fv2%2Fmedia&parent=2394"}],"wp:term":[{"taxonomy":"product_brand","embeddable":true,"href":"https:\/\/koraledetale.pl\/index.php?rest_route=%2Fwp%2Fv2%2Fproduct_brand&post=2394"},{"taxonomy":"product_cat","embeddable":true,"href":"https:\/\/koraledetale.pl\/index.php?rest_route=%2Fwp%2Fv2%2Fproduct_cat&post=2394"},{"taxonomy":"product_tag","embeddable":true,"href":"https:\/\/koraledetale.pl\/index.php?rest_route=%2Fwp%2Fv2%2Fproduct_tag&post=2394"}],"curies":[{"name":"wp","href":"https:\/\/api.w.org\/{rel}","templated":true}]}}