{"id":2391,"date":"2022-05-13T09:04:07","date_gmt":"2022-05-13T09:04:07","guid":{"rendered":"https:\/\/koraledetale.pl\/?post_type=product&#038;p=2391"},"modified":"2024-11-12T10:19:30","modified_gmt":"2024-11-12T10:19:30","slug":"perly-z-sercem-ii","status":"publish","type":"product","link":"https:\/\/koraledetale.pl\/?product=perly-z-sercem-ii","title":{"rendered":"Per\u0142y z sercem II"},"content":{"rendered":"<p>Wielko\u015b\u0107 kamieni:<\/p>\n<ul>\n<li>per\u0142a \u2013 ok. 10\u00d77 mm,<\/li>\n<li>hematyt &#8211; 2 mm.<\/li>\n<\/ul>\n<p>D\u0142ugo\u015b\u0107 naszyjnika \u2013 43 cm + zawieszka 1,8 cm.<\/p>\n","protected":false},"excerpt":{"rendered":"<p>Choker z du\u017cych r\u00f3\u017cowych pere\u0142 z ozdobnym zapi\u0119ciem typu toggle, z zawieszk\u0105 w kszta\u0142cie serca i okr\u0105g\u0142ym elementem dodaj\u0105cym naszyjnikowi nowoczesnego charakteru.<\/p>\n<p>Wszystkie elementy metalowe wykonane s\u0105 z nieuczulaj\u0105cej stali chirurgicznej (szlachetnej).<\/p>\n","protected":false},"featured_media":2386,"comment_status":"open","ping_status":"closed","template":"","meta":{"advanced_seo_description":"","jetpack_seo_html_title":"","jetpack_seo_noindex":false},"product_brand":[],"product_cat":[229],"product_tag":[886,885,887,75,520,72,31],"class_list":{"0":"post-2391","1":"product","2":"type-product","3":"status-publish","4":"has-post-thumbnail","6":"product_cat-sprzedane","7":"product_tag-naszyjnik-z-duzych-perel","8":"product_tag-naszyjnik-z-rozowych-perel","9":"product_tag-naszyjnik-z-sercem","10":"product_tag-rozowa-perla","11":"product_tag-serce","12":"product_tag-zawieszka","13":"product_tag-zloty-hematyt","15":"first","16":"outofstock","17":"shipping-taxable","18":"product-type-simple"},"jetpack_sharing_enabled":true,"_links":{"self":[{"href":"https:\/\/koraledetale.pl\/index.php?rest_route=\/wp\/v2\/product\/2391","targetHints":{"allow":["GET"]}}],"collection":[{"href":"https:\/\/koraledetale.pl\/index.php?rest_route=\/wp\/v2\/product"}],"about":[{"href":"https:\/\/koraledetale.pl\/index.php?rest_route=\/wp\/v2\/types\/product"}],"replies":[{"embeddable":true,"href":"https:\/\/koraledetale.pl\/index.php?rest_route=%2Fwp%2Fv2%2Fcomments&post=2391"}],"wp:featuredmedia":[{"embeddable":true,"href":"https:\/\/koraledetale.pl\/index.php?rest_route=\/wp\/v2\/media\/2386"}],"wp:attachment":[{"href":"https:\/\/koraledetale.pl\/index.php?rest_route=%2Fwp%2Fv2%2Fmedia&parent=2391"}],"wp:term":[{"taxonomy":"product_brand","embeddable":true,"href":"https:\/\/koraledetale.pl\/index.php?rest_route=%2Fwp%2Fv2%2Fproduct_brand&post=2391"},{"taxonomy":"product_cat","embeddable":true,"href":"https:\/\/koraledetale.pl\/index.php?rest_route=%2Fwp%2Fv2%2Fproduct_cat&post=2391"},{"taxonomy":"product_tag","embeddable":true,"href":"https:\/\/koraledetale.pl\/index.php?rest_route=%2Fwp%2Fv2%2Fproduct_tag&post=2391"}],"curies":[{"name":"wp","href":"https:\/\/api.w.org\/{rel}","templated":true}]}}