{"id":2380,"date":"2022-05-13T08:58:22","date_gmt":"2022-05-13T08:58:22","guid":{"rendered":"https:\/\/koraledetale.pl\/?post_type=product&#038;p=2380"},"modified":"2024-11-12T10:19:44","modified_gmt":"2024-11-12T10:19:44","slug":"naszyjnik-perly-z-okiem-ii","status":"publish","type":"product","link":"https:\/\/koraledetale.pl\/?product=naszyjnik-perly-z-okiem-ii","title":{"rendered":"Naszyjnik PER\u0141Y Z OKIEM II"},"content":{"rendered":"<p>Wielko\u015b\u0107 kamieni:<\/p>\n<ul>\n<li>per\u0142a &#8211; ok. 6 mm<\/li>\n<li>hematyt &#8211; 3,5&#215;2 i 2 mm.<\/li>\n<\/ul>\n<p>D\u0142ugo\u015b\u0107 naszyjnika: 43 mm + zawieszka 2 cm.<\/p>\n","protected":false},"excerpt":{"rendered":"<p>Choker z szarych pere\u0142 z t\u0119czowym po\u0142yskiem, z ozdobnym zapi\u0119ciem typu toggle z przodu i zawieszk\u0105 &#8211; symbolem oka.<\/p>\n<p>Wszystkie elementy metalowe wykonane s\u0105 ze stali chirurgicznej (szlachetnej).<\/p>\n","protected":false},"featured_media":2384,"comment_status":"open","ping_status":"closed","template":"","meta":{"advanced_seo_description":"","jetpack_seo_html_title":"","jetpack_seo_noindex":false},"product_brand":[],"product_cat":[229],"product_tag":[263,110,262,57,319,72,31],"class_list":{"0":"post-2380","1":"product","2":"type-product","3":"status-publish","4":"has-post-thumbnail","6":"product_cat-sprzedane","7":"product_tag-naszyjnik-z-okiem-opatrznosci","8":"product_tag-naszyjnik-z-perel","9":"product_tag-oko-opatrznosci","10":"product_tag-perla","11":"product_tag-perla-teczowa","12":"product_tag-zawieszka","13":"product_tag-zloty-hematyt","15":"first","16":"outofstock","17":"shipping-taxable","18":"product-type-simple"},"jetpack_sharing_enabled":true,"_links":{"self":[{"href":"https:\/\/koraledetale.pl\/index.php?rest_route=\/wp\/v2\/product\/2380","targetHints":{"allow":["GET"]}}],"collection":[{"href":"https:\/\/koraledetale.pl\/index.php?rest_route=\/wp\/v2\/product"}],"about":[{"href":"https:\/\/koraledetale.pl\/index.php?rest_route=\/wp\/v2\/types\/product"}],"replies":[{"embeddable":true,"href":"https:\/\/koraledetale.pl\/index.php?rest_route=%2Fwp%2Fv2%2Fcomments&post=2380"}],"wp:featuredmedia":[{"embeddable":true,"href":"https:\/\/koraledetale.pl\/index.php?rest_route=\/wp\/v2\/media\/2384"}],"wp:attachment":[{"href":"https:\/\/koraledetale.pl\/index.php?rest_route=%2Fwp%2Fv2%2Fmedia&parent=2380"}],"wp:term":[{"taxonomy":"product_brand","embeddable":true,"href":"https:\/\/koraledetale.pl\/index.php?rest_route=%2Fwp%2Fv2%2Fproduct_brand&post=2380"},{"taxonomy":"product_cat","embeddable":true,"href":"https:\/\/koraledetale.pl\/index.php?rest_route=%2Fwp%2Fv2%2Fproduct_cat&post=2380"},{"taxonomy":"product_tag","embeddable":true,"href":"https:\/\/koraledetale.pl\/index.php?rest_route=%2Fwp%2Fv2%2Fproduct_tag&post=2380"}],"curies":[{"name":"wp","href":"https:\/\/api.w.org\/{rel}","templated":true}]}}