{"id":2365,"date":"2022-05-10T08:33:10","date_gmt":"2022-05-10T08:33:10","guid":{"rendered":"https:\/\/koraledetale.pl\/?post_type=product&#038;p=2365"},"modified":"2024-11-12T10:20:26","modified_gmt":"2024-11-12T10:20:26","slug":"2365","status":"publish","type":"product","link":"https:\/\/koraledetale.pl\/?product=2365","title":{"rendered":"Bransoletka MAGIA UCZU\u0106 z rubinem i szafirem"},"content":{"rendered":"<p>Wielko\u015b\u0107 kamieni:<\/p>\n<ul>\n<li>rubin \u2013 3 mm,<\/li>\n<li>szafir \u2013 3 mm,<\/li>\n<li>hematyt \u2013 2\u00d71 i 2 mm.<\/li>\n<\/ul>\n<p>D\u0142ugo\u015b\u0107 bransoletki: 16-19 cm.<\/p>\n","protected":false},"excerpt":{"rendered":"<p>Bransoletka z rubin\u00f3w z wplecionymi z\u0142otymi hematytami i szafirami. Kamienie zasupe\u0142kowane s\u0105 na mocnej, kontrastowej nici jubilerskiej.<\/p>\n<p>Wszystkie elementy metalowe wykonane s\u0105 ze stali chirurgicznej (szlachetnej).<\/p>\n","protected":false},"featured_media":2367,"comment_status":"open","ping_status":"closed","template":"","meta":{"advanced_seo_description":"","jetpack_seo_html_title":"","jetpack_seo_noindex":false},"product_brand":[],"product_cat":[229],"product_tag":[762,726,117,295,25,181],"class_list":{"0":"post-2365","1":"product","2":"type-product","3":"status-publish","4":"has-post-thumbnail","6":"product_cat-sprzedane","7":"product_tag-bransoletka-z-rubinami","8":"product_tag-bransoletka-z-szafirem","9":"product_tag-rubin","10":"product_tag-supelkowa-bransoletka-z-kamieniami-naturalnymi","11":"product_tag-szafir","12":"product_tag-zlote-hematyty","14":"first","15":"outofstock","16":"shipping-taxable","17":"product-type-simple"},"jetpack_sharing_enabled":true,"_links":{"self":[{"href":"https:\/\/koraledetale.pl\/index.php?rest_route=\/wp\/v2\/product\/2365","targetHints":{"allow":["GET"]}}],"collection":[{"href":"https:\/\/koraledetale.pl\/index.php?rest_route=\/wp\/v2\/product"}],"about":[{"href":"https:\/\/koraledetale.pl\/index.php?rest_route=\/wp\/v2\/types\/product"}],"replies":[{"embeddable":true,"href":"https:\/\/koraledetale.pl\/index.php?rest_route=%2Fwp%2Fv2%2Fcomments&post=2365"}],"wp:featuredmedia":[{"embeddable":true,"href":"https:\/\/koraledetale.pl\/index.php?rest_route=\/wp\/v2\/media\/2367"}],"wp:attachment":[{"href":"https:\/\/koraledetale.pl\/index.php?rest_route=%2Fwp%2Fv2%2Fmedia&parent=2365"}],"wp:term":[{"taxonomy":"product_brand","embeddable":true,"href":"https:\/\/koraledetale.pl\/index.php?rest_route=%2Fwp%2Fv2%2Fproduct_brand&post=2365"},{"taxonomy":"product_cat","embeddable":true,"href":"https:\/\/koraledetale.pl\/index.php?rest_route=%2Fwp%2Fv2%2Fproduct_cat&post=2365"},{"taxonomy":"product_tag","embeddable":true,"href":"https:\/\/koraledetale.pl\/index.php?rest_route=%2Fwp%2Fv2%2Fproduct_tag&post=2365"}],"curies":[{"name":"wp","href":"https:\/\/api.w.org\/{rel}","templated":true}]}}