{"id":2361,"date":"2022-05-10T08:27:24","date_gmt":"2022-05-10T08:27:24","guid":{"rendered":"https:\/\/koraledetale.pl\/?post_type=product&#038;p=2361"},"modified":"2024-11-12T10:20:39","modified_gmt":"2024-11-12T10:20:39","slug":"naszyjnik-magia-uczuc-z-rubinem-i-szafirem","status":"publish","type":"product","link":"https:\/\/koraledetale.pl\/?product=naszyjnik-magia-uczuc-z-rubinem-i-szafirem","title":{"rendered":"Naszyjnik MAGIA UCZU\u0106 z rubinem i szafirem"},"content":{"rendered":"<p>Wielko\u015b\u0107 kamieni:<\/p>\n<ul>\n<li>rubin &#8211; 3 mm,<\/li>\n<li>szafir \u2013 3 mm,<\/li>\n<li>hematyt \u2013 2\u00d71 i 2 mm.<\/li>\n<\/ul>\n<p>D\u0142ugo\u015b\u0107 naszyjnika \u2013 kr\u00f3tszej cz\u0119\u015bci z \u0142a\u0144cuszkiem 50 cm, d\u0142u\u017cszej cz\u0119\u015bci 55 cm + zawieszka 2 cm. Naszyjnik ma przed\u0142u\u017ck\u0119 \u2013 5 cm.<\/p>\n","protected":false},"excerpt":{"rendered":"<p>\u015aredniej d\u0142ugo\u015bci warstwowy naszyjnik z \u0142a\u0144cuszkiem oraz sznurem rubin\u00f3w z wplecionymi z\u0142otymi hematytami i szafirami. Kamienie zasupe\u0142kowane s\u0105 na mocnej, kontrastowej nici jubilerskiej. Zwie\u0144czeniem naszyjnika jest zawieszka &#8211; lunula z szafirem.<\/p>\n<p>Wszystkie elementy metalowe wykonane s\u0105 ze stali chirurgicznej (szlachetnej).<\/p>\n","protected":false},"featured_media":2363,"comment_status":"open","ping_status":"closed","template":"","meta":{"advanced_seo_description":"","jetpack_seo_html_title":"","jetpack_seo_noindex":false},"product_brand":[],"product_cat":[229],"product_tag":[274,884,117,25,883,31],"class_list":{"0":"post-2361","1":"product","2":"type-product","3":"status-publish","4":"has-post-thumbnail","6":"product_cat-sprzedane","7":"product_tag-naszyjnik-z-ksiezycem","8":"product_tag-naszyjnik-z-lunula","9":"product_tag-rubin","10":"product_tag-szafir","11":"product_tag-warstwowy-naszyjnik-z-rubinami","12":"product_tag-zloty-hematyt","14":"first","15":"outofstock","16":"shipping-taxable","17":"product-type-simple"},"jetpack_sharing_enabled":true,"_links":{"self":[{"href":"https:\/\/koraledetale.pl\/index.php?rest_route=\/wp\/v2\/product\/2361","targetHints":{"allow":["GET"]}}],"collection":[{"href":"https:\/\/koraledetale.pl\/index.php?rest_route=\/wp\/v2\/product"}],"about":[{"href":"https:\/\/koraledetale.pl\/index.php?rest_route=\/wp\/v2\/types\/product"}],"replies":[{"embeddable":true,"href":"https:\/\/koraledetale.pl\/index.php?rest_route=%2Fwp%2Fv2%2Fcomments&post=2361"}],"wp:featuredmedia":[{"embeddable":true,"href":"https:\/\/koraledetale.pl\/index.php?rest_route=\/wp\/v2\/media\/2363"}],"wp:attachment":[{"href":"https:\/\/koraledetale.pl\/index.php?rest_route=%2Fwp%2Fv2%2Fmedia&parent=2361"}],"wp:term":[{"taxonomy":"product_brand","embeddable":true,"href":"https:\/\/koraledetale.pl\/index.php?rest_route=%2Fwp%2Fv2%2Fproduct_brand&post=2361"},{"taxonomy":"product_cat","embeddable":true,"href":"https:\/\/koraledetale.pl\/index.php?rest_route=%2Fwp%2Fv2%2Fproduct_cat&post=2361"},{"taxonomy":"product_tag","embeddable":true,"href":"https:\/\/koraledetale.pl\/index.php?rest_route=%2Fwp%2Fv2%2Fproduct_tag&post=2361"}],"curies":[{"name":"wp","href":"https:\/\/api.w.org\/{rel}","templated":true}]}}