{"id":2358,"date":"2022-05-09T09:26:02","date_gmt":"2022-05-09T09:26:02","guid":{"rendered":"https:\/\/koraledetale.pl\/?post_type=product&#038;p=2358"},"modified":"2024-11-12T10:20:48","modified_gmt":"2024-11-12T10:20:48","slug":"bransoletka-labirynt-z-howlitem-turkusowym-lapis-lazuri-i-koralem","status":"publish","type":"product","link":"https:\/\/koraledetale.pl\/?product=bransoletka-labirynt-z-howlitem-turkusowym-lapis-lazuri-i-koralem","title":{"rendered":"Bransoletka LABIRYNT z howlitem turkusowym, lapis lazuri i koralem"},"content":{"rendered":"<p>Wielko\u015b\u0107 kamieni:<\/p>\n<ul>\n<li>howlit turkusowy &#8211; 4 mm,<\/li>\n<li>lapis lazuri &#8211; 4,5 mm,<\/li>\n<li>koral &#8211; ok. 5&#215;5 mm i 3,5&#215;2 mm,<\/li>\n<li>hematyt &#8211; 3&#215;2 mm, 3&#215;1 mm i 2&#215;1 mm.<\/li>\n<\/ul>\n<p>D\u0142ugo\u015b\u0107 bransoletki: 17-18 cm.<\/p>\n<p>.<\/p>\n","protected":false},"excerpt":{"rendered":"<p>Bransoletka na gumce z howlitami turkusowymi, przeplatanymi lapis lazuri, koralem i srebrnymi hematytami.<\/p>\n","protected":false},"featured_media":2357,"comment_status":"open","ping_status":"closed","template":"","meta":{"advanced_seo_description":"","jetpack_seo_html_title":"","jetpack_seo_noindex":false},"product_brand":[],"product_cat":[229],"product_tag":[786,330,428,463,82,81,26],"class_list":{"0":"post-2358","1":"product","2":"type-product","3":"status-publish","4":"has-post-thumbnail","6":"product_cat-sprzedane","7":"product_tag-bransoletka-na-gumce","8":"product_tag-bransoletka-z-howlitem-turkusowym","9":"product_tag-bransoletka-z-turkusowymi-kamieniami","10":"product_tag-howlit-turkusowy","11":"product_tag-koral","12":"product_tag-lapis-lazuri","13":"product_tag-srebrny-hematyt","15":"first","16":"outofstock","17":"shipping-taxable","18":"product-type-simple"},"jetpack_sharing_enabled":true,"_links":{"self":[{"href":"https:\/\/koraledetale.pl\/index.php?rest_route=\/wp\/v2\/product\/2358","targetHints":{"allow":["GET"]}}],"collection":[{"href":"https:\/\/koraledetale.pl\/index.php?rest_route=\/wp\/v2\/product"}],"about":[{"href":"https:\/\/koraledetale.pl\/index.php?rest_route=\/wp\/v2\/types\/product"}],"replies":[{"embeddable":true,"href":"https:\/\/koraledetale.pl\/index.php?rest_route=%2Fwp%2Fv2%2Fcomments&post=2358"}],"wp:featuredmedia":[{"embeddable":true,"href":"https:\/\/koraledetale.pl\/index.php?rest_route=\/wp\/v2\/media\/2357"}],"wp:attachment":[{"href":"https:\/\/koraledetale.pl\/index.php?rest_route=%2Fwp%2Fv2%2Fmedia&parent=2358"}],"wp:term":[{"taxonomy":"product_brand","embeddable":true,"href":"https:\/\/koraledetale.pl\/index.php?rest_route=%2Fwp%2Fv2%2Fproduct_brand&post=2358"},{"taxonomy":"product_cat","embeddable":true,"href":"https:\/\/koraledetale.pl\/index.php?rest_route=%2Fwp%2Fv2%2Fproduct_cat&post=2358"},{"taxonomy":"product_tag","embeddable":true,"href":"https:\/\/koraledetale.pl\/index.php?rest_route=%2Fwp%2Fv2%2Fproduct_tag&post=2358"}],"curies":[{"name":"wp","href":"https:\/\/api.w.org\/{rel}","templated":true}]}}