{"id":2353,"date":"2022-05-09T09:04:35","date_gmt":"2022-05-09T09:04:35","guid":{"rendered":"https:\/\/koraledetale.pl\/?post_type=product&#038;p=2353"},"modified":"2024-11-12T10:21:02","modified_gmt":"2024-11-12T10:21:02","slug":"2353","status":"publish","type":"product","link":"https:\/\/koraledetale.pl\/?product=2353","title":{"rendered":"Naszyjnik LABIRYNT z howlitem turkusowym, lapis lazuri i koralem"},"content":{"rendered":"<p>Wielko\u015b\u0107 kamieni:<\/p>\n<ul>\n<li>howlit turkusowy &#8211; 4 mm,<\/li>\n<li>lapis lazuri &#8211; 4,5 mm,<\/li>\n<li>koral &#8211; ok. 5&#215;5 mm i 3,5&#215;2 mm,<\/li>\n<li>hematyt &#8211; 3&#215;2 mm, 3&#215;1 mm i 2&#215;1 mm.<\/li>\n<\/ul>\n<p>D\u0142ugo\u015b\u0107 naszyjnika 74 cm + zawieszka 2,5 cm.<\/p>\n<p>&nbsp;<\/p>\n<p>&nbsp;<\/p>\n","protected":false},"excerpt":{"rendered":"<p>D\u0142ugi naszyjnik z howlitami turkusowymi, przeplatanymi lapis lazuri, koralem i srebrnymi hematytami. Zwie\u0144czeniem naszyjnika jest zawieszka &#8211; labirynt z nieuczulaj\u0105cego stopu metali o podwy\u017cszonej odporno\u015bci na \u015bcieranie (Tierra Cast).<\/p>\n","protected":false},"featured_media":2354,"comment_status":"open","ping_status":"closed","template":"","meta":{"advanced_seo_description":"","jetpack_seo_html_title":"","jetpack_seo_noindex":false},"product_brand":[],"product_cat":[229],"product_tag":[67,463,82,882,81,874,880,881,72],"class_list":{"0":"post-2353","1":"product","2":"type-product","3":"status-publish","4":"has-post-thumbnail","6":"product_cat-sprzedane","7":"product_tag-hematyt","8":"product_tag-howlit-turkusowy","9":"product_tag-koral","10":"product_tag-labirynt","11":"product_tag-lapis-lazuri","12":"product_tag-naszyjnik-z-howlitow-turkusowych","13":"product_tag-naszyjnik-z-turkusowych-kamieni","14":"product_tag-naszyjnik-z-zawieszka-i-kamieniami-naturalnymi","15":"product_tag-zawieszka","17":"first","18":"outofstock","19":"shipping-taxable","20":"product-type-simple"},"jetpack_sharing_enabled":true,"_links":{"self":[{"href":"https:\/\/koraledetale.pl\/index.php?rest_route=\/wp\/v2\/product\/2353","targetHints":{"allow":["GET"]}}],"collection":[{"href":"https:\/\/koraledetale.pl\/index.php?rest_route=\/wp\/v2\/product"}],"about":[{"href":"https:\/\/koraledetale.pl\/index.php?rest_route=\/wp\/v2\/types\/product"}],"replies":[{"embeddable":true,"href":"https:\/\/koraledetale.pl\/index.php?rest_route=%2Fwp%2Fv2%2Fcomments&post=2353"}],"wp:featuredmedia":[{"embeddable":true,"href":"https:\/\/koraledetale.pl\/index.php?rest_route=\/wp\/v2\/media\/2354"}],"wp:attachment":[{"href":"https:\/\/koraledetale.pl\/index.php?rest_route=%2Fwp%2Fv2%2Fmedia&parent=2353"}],"wp:term":[{"taxonomy":"product_brand","embeddable":true,"href":"https:\/\/koraledetale.pl\/index.php?rest_route=%2Fwp%2Fv2%2Fproduct_brand&post=2353"},{"taxonomy":"product_cat","embeddable":true,"href":"https:\/\/koraledetale.pl\/index.php?rest_route=%2Fwp%2Fv2%2Fproduct_cat&post=2353"},{"taxonomy":"product_tag","embeddable":true,"href":"https:\/\/koraledetale.pl\/index.php?rest_route=%2Fwp%2Fv2%2Fproduct_tag&post=2353"}],"curies":[{"name":"wp","href":"https:\/\/api.w.org\/{rel}","templated":true}]}}