{"id":2351,"date":"2022-05-06T19:14:20","date_gmt":"2022-05-06T19:14:20","guid":{"rendered":"https:\/\/koraledetale.pl\/?post_type=product&#038;p=2351"},"modified":"2024-11-12T10:21:17","modified_gmt":"2024-11-12T10:21:17","slug":"bransoletka-maroko-iv","status":"publish","type":"product","link":"https:\/\/koraledetale.pl\/?product=bransoletka-maroko-iv","title":{"rendered":"Bransoletka MAROKO IV"},"content":{"rendered":"<p>Wielko\u015b\u0107 kamieni:<\/p>\n<ul>\n<li>jaspis \u2013 6 mm,<\/li>\n<li>howlit turkusowy \u2013 6 mm,<\/li>\n<li>koral &#8211; ok. 5&#215;5 mm,<\/li>\n<li>hematyt \u2013 4&#215;1,5 mm, 3,5&#215;2 mm i 2\u00d71 mm.<\/li>\n<\/ul>\n<p>D\u0142ugo\u015b\u0107 bransoletki: 17,5 \u2013 18 cm.<\/p>\n","protected":false},"excerpt":{"rendered":"<p>Bransoletka z kamieni w barwach ziemi z turkusowym akcentem \u2013 dw\u00f3ch rodzaj\u00f3w jaspisu, howlitu turkusowego i koralu, przeplatanych z\u0142otymi hematytami. Kamienie nanizane s\u0105 na supermocn\u0105 elastyczn\u0105 \u017cy\u0142k\u0119 jubilersk\u0105.<\/p>\n","protected":false},"featured_media":2344,"comment_status":"open","ping_status":"closed","template":"","meta":{"advanced_seo_description":"","jetpack_seo_html_title":"","jetpack_seo_noindex":false},"product_brand":[],"product_cat":[229],"product_tag":[],"class_list":{"0":"post-2351","1":"product","2":"type-product","3":"status-publish","4":"has-post-thumbnail","6":"product_cat-sprzedane","8":"first","9":"outofstock","10":"shipping-taxable","11":"product-type-simple"},"jetpack_sharing_enabled":true,"_links":{"self":[{"href":"https:\/\/koraledetale.pl\/index.php?rest_route=\/wp\/v2\/product\/2351","targetHints":{"allow":["GET"]}}],"collection":[{"href":"https:\/\/koraledetale.pl\/index.php?rest_route=\/wp\/v2\/product"}],"about":[{"href":"https:\/\/koraledetale.pl\/index.php?rest_route=\/wp\/v2\/types\/product"}],"replies":[{"embeddable":true,"href":"https:\/\/koraledetale.pl\/index.php?rest_route=%2Fwp%2Fv2%2Fcomments&post=2351"}],"wp:featuredmedia":[{"embeddable":true,"href":"https:\/\/koraledetale.pl\/index.php?rest_route=\/wp\/v2\/media\/2344"}],"wp:attachment":[{"href":"https:\/\/koraledetale.pl\/index.php?rest_route=%2Fwp%2Fv2%2Fmedia&parent=2351"}],"wp:term":[{"taxonomy":"product_brand","embeddable":true,"href":"https:\/\/koraledetale.pl\/index.php?rest_route=%2Fwp%2Fv2%2Fproduct_brand&post=2351"},{"taxonomy":"product_cat","embeddable":true,"href":"https:\/\/koraledetale.pl\/index.php?rest_route=%2Fwp%2Fv2%2Fproduct_cat&post=2351"},{"taxonomy":"product_tag","embeddable":true,"href":"https:\/\/koraledetale.pl\/index.php?rest_route=%2Fwp%2Fv2%2Fproduct_tag&post=2351"}],"curies":[{"name":"wp","href":"https:\/\/api.w.org\/{rel}","templated":true}]}}