{"id":2350,"date":"2022-05-06T19:06:44","date_gmt":"2022-05-06T19:06:44","guid":{"rendered":"https:\/\/koraledetale.pl\/?post_type=product&#038;p=2350"},"modified":"2022-05-06T19:16:05","modified_gmt":"2022-05-06T19:16:05","slug":"bransoletka-maroko-iii","status":"publish","type":"product","link":"https:\/\/koraledetale.pl\/?product=bransoletka-maroko-iii","title":{"rendered":"Bransoletka MAROKO III"},"content":{"rendered":"<p>Wielko\u015b\u0107 kamieni:<\/p>\n<ul>\n<li>howlit turkusowy \u2013 8 mm,<\/li>\n<li>hematyt &#8211; 2\u00d71 mm.<\/li>\n<\/ul>\n<p>\u015arednica monety \u2013 1,8 cm.<\/p>\n<p>D\u0142ugo\u015b\u0107 bransoletki: 17,5 \u2013 18 cm.<\/p>\n","protected":false},"excerpt":{"rendered":"<p>Bransoletka z howlit\u00f3w turkusowych przeplatanych z\u0142otymi hematytami. Bransoletk\u0119 zdobi moneta ze stali chirurgicznej (szlachetnej). Kamienie nanizane s\u0105 na supermocn\u0105 elastyczn\u0105 \u017cy\u0142k\u0119 jubilersk\u0105.<\/p>\n","protected":false},"featured_media":2343,"comment_status":"open","ping_status":"closed","template":"","meta":{"advanced_seo_description":"","jetpack_seo_html_title":"","jetpack_seo_noindex":false},"product_brand":[],"product_cat":[17],"product_tag":[786,879,80,727,463,69,31],"class_list":{"0":"post-2350","1":"product","2":"type-product","3":"status-publish","4":"has-post-thumbnail","6":"product_cat-bransoletki","7":"product_tag-bransoletka-na-gumce","8":"product_tag-bransoletka-z-howlitow-turkusowych","9":"product_tag-bransoletka-z-kamieniami-naturalnymi","10":"product_tag-bransoletka-z-moneta","11":"product_tag-howlit-turkusowy","12":"product_tag-moneta","13":"product_tag-zloty-hematyt","15":"first","16":"instock","17":"shipping-taxable","18":"purchasable","19":"product-type-simple"},"jetpack_sharing_enabled":true,"_links":{"self":[{"href":"https:\/\/koraledetale.pl\/index.php?rest_route=\/wp\/v2\/product\/2350","targetHints":{"allow":["GET"]}}],"collection":[{"href":"https:\/\/koraledetale.pl\/index.php?rest_route=\/wp\/v2\/product"}],"about":[{"href":"https:\/\/koraledetale.pl\/index.php?rest_route=\/wp\/v2\/types\/product"}],"replies":[{"embeddable":true,"href":"https:\/\/koraledetale.pl\/index.php?rest_route=%2Fwp%2Fv2%2Fcomments&post=2350"}],"wp:featuredmedia":[{"embeddable":true,"href":"https:\/\/koraledetale.pl\/index.php?rest_route=\/wp\/v2\/media\/2343"}],"wp:attachment":[{"href":"https:\/\/koraledetale.pl\/index.php?rest_route=%2Fwp%2Fv2%2Fmedia&parent=2350"}],"wp:term":[{"taxonomy":"product_brand","embeddable":true,"href":"https:\/\/koraledetale.pl\/index.php?rest_route=%2Fwp%2Fv2%2Fproduct_brand&post=2350"},{"taxonomy":"product_cat","embeddable":true,"href":"https:\/\/koraledetale.pl\/index.php?rest_route=%2Fwp%2Fv2%2Fproduct_cat&post=2350"},{"taxonomy":"product_tag","embeddable":true,"href":"https:\/\/koraledetale.pl\/index.php?rest_route=%2Fwp%2Fv2%2Fproduct_tag&post=2350"}],"curies":[{"name":"wp","href":"https:\/\/api.w.org\/{rel}","templated":true}]}}