{"id":2348,"date":"2022-05-06T18:54:29","date_gmt":"2022-05-06T18:54:29","guid":{"rendered":"https:\/\/koraledetale.pl\/?post_type=product&#038;p=2348"},"modified":"2024-11-12T10:21:49","modified_gmt":"2024-11-12T10:21:49","slug":"bransoletka-maroko-i","status":"publish","type":"product","link":"https:\/\/koraledetale.pl\/?product=bransoletka-maroko-i","title":{"rendered":"Bransoletka MAROKO I"},"content":{"rendered":"<p>Wielko\u015b\u0107 kamieni:<\/p>\n<ul>\n<li>howlit turkusowy &#8211; 6 mm,<\/li>\n<li>jaspis &#8211; 6 mm,<\/li>\n<li>hematyt &#8211; 4 mm i 2&#215;1 mm.<\/li>\n<\/ul>\n<p>Wielko\u015b\u0107 rozety &#8211; 1,5 cm.<\/p>\n<p>D\u0142ugo\u015b\u0107 bransoletki: 17,5 &#8211; 18 cm.<\/p>\n","protected":false},"excerpt":{"rendered":"<p>Bransoletka z kamieni o turkusowej barwie &#8211; howlitu i jaspisu, przeplatanych z\u0142otymi hematytami. Bransoletk\u0119 zdobi rozetka ze stali chirurgicznej (szlachetnej). Kamienie nanizane s\u0105 na supermocn\u0105 elastyczn\u0105 \u017cy\u0142k\u0119 jubilersk\u0105.<\/p>\n","protected":false},"featured_media":2341,"comment_status":"open","ping_status":"closed","template":"","meta":{"advanced_seo_description":"","jetpack_seo_html_title":"","jetpack_seo_noindex":false},"product_brand":[],"product_cat":[229],"product_tag":[428,134,463,724,877],"class_list":{"0":"post-2348","1":"product","2":"type-product","3":"status-publish","4":"has-post-thumbnail","6":"product_cat-sprzedane","7":"product_tag-bransoletka-z-turkusowymi-kamieniami","8":"product_tag-bransoletka-z-zawieszka","9":"product_tag-howlit-turkusowy","10":"product_tag-jaspis","11":"product_tag-rozeta","13":"first","14":"outofstock","15":"shipping-taxable","16":"product-type-simple"},"jetpack_sharing_enabled":true,"_links":{"self":[{"href":"https:\/\/koraledetale.pl\/index.php?rest_route=\/wp\/v2\/product\/2348","targetHints":{"allow":["GET"]}}],"collection":[{"href":"https:\/\/koraledetale.pl\/index.php?rest_route=\/wp\/v2\/product"}],"about":[{"href":"https:\/\/koraledetale.pl\/index.php?rest_route=\/wp\/v2\/types\/product"}],"replies":[{"embeddable":true,"href":"https:\/\/koraledetale.pl\/index.php?rest_route=%2Fwp%2Fv2%2Fcomments&post=2348"}],"wp:featuredmedia":[{"embeddable":true,"href":"https:\/\/koraledetale.pl\/index.php?rest_route=\/wp\/v2\/media\/2341"}],"wp:attachment":[{"href":"https:\/\/koraledetale.pl\/index.php?rest_route=%2Fwp%2Fv2%2Fmedia&parent=2348"}],"wp:term":[{"taxonomy":"product_brand","embeddable":true,"href":"https:\/\/koraledetale.pl\/index.php?rest_route=%2Fwp%2Fv2%2Fproduct_brand&post=2348"},{"taxonomy":"product_cat","embeddable":true,"href":"https:\/\/koraledetale.pl\/index.php?rest_route=%2Fwp%2Fv2%2Fproduct_cat&post=2348"},{"taxonomy":"product_tag","embeddable":true,"href":"https:\/\/koraledetale.pl\/index.php?rest_route=%2Fwp%2Fv2%2Fproduct_tag&post=2348"}],"curies":[{"name":"wp","href":"https:\/\/api.w.org\/{rel}","templated":true}]}}