{"id":2332,"date":"2022-05-04T09:23:35","date_gmt":"2022-05-04T09:23:35","guid":{"rendered":"https:\/\/koraledetale.pl\/?post_type=product&#038;p=2332"},"modified":"2024-11-12T10:11:22","modified_gmt":"2024-11-12T10:11:22","slug":"naszyjnik-zatoka-z-niebieskimi-kamieniami","status":"publish","type":"product","link":"https:\/\/koraledetale.pl\/?product=naszyjnik-zatoka-z-niebieskimi-kamieniami","title":{"rendered":"Naszyjnik ZATOKA z niebieskimi kamieniami"},"content":{"rendered":"<p>Wielko\u015b\u0107 kamieni:<\/p>\n<ul>\n<li>apatyt &#8211; 2 mm,<\/li>\n<li>turkus &#8211; 2 mm,<\/li>\n<li>kianit &#8211; 2,5 mm,<\/li>\n<li>labradoryt &#8211; 2 mm,<\/li>\n<li>amazonit &#8211; 2,5 mm,<\/li>\n<li>per\u0142a &#8211; 2,5&#215;2 mm,<\/li>\n<li>hematyt &#8211; 2 mm.<\/li>\n<\/ul>\n<p>D\u0142ugo\u015b\u0107 naszyjnika: 36,5 &#8211; 41 cm + zawieszka 1,6 cm.<\/p>\n","protected":false},"excerpt":{"rendered":"<p>Naszyjnik z drobnych\u00a0 kolorowych kamieni (apatytu, amazonitu, turkusu, labradorytu, kianitu, per\u0142y, z\u0142otego hematytu) z zawieszk\u0105 &#8211; delfinem.<\/p>\n<p>Wszystkie elementy metalowe wykonane s\u0105 z nieuczulaj\u0105cej stali chirurgicznej (szlachetnej).<\/p>\n<p>&nbsp;<\/p>\n","protected":false},"featured_media":2333,"comment_status":"open","ping_status":"closed","template":"","meta":{"advanced_seo_description":"","jetpack_seo_html_title":"","jetpack_seo_noindex":false},"product_brand":[],"product_cat":[229],"product_tag":[53,92,876,67,323,56,187,486,57,105],"class_list":{"0":"post-2332","1":"product","2":"type-product","3":"status-publish","4":"has-post-thumbnail","6":"product_cat-sprzedane","7":"product_tag-amazonit","8":"product_tag-apatyt","9":"product_tag-delfin","10":"product_tag-hematyt","11":"product_tag-kianit","12":"product_tag-labradoryt","13":"product_tag-naszyjnik-z-kolorowymi-kamieniami","14":"product_tag-naszyjnik-z-niebieskimi-kamieniami","15":"product_tag-perla","16":"product_tag-turkus","18":"first","19":"outofstock","20":"shipping-taxable","21":"product-type-simple"},"jetpack_sharing_enabled":true,"_links":{"self":[{"href":"https:\/\/koraledetale.pl\/index.php?rest_route=\/wp\/v2\/product\/2332","targetHints":{"allow":["GET"]}}],"collection":[{"href":"https:\/\/koraledetale.pl\/index.php?rest_route=\/wp\/v2\/product"}],"about":[{"href":"https:\/\/koraledetale.pl\/index.php?rest_route=\/wp\/v2\/types\/product"}],"replies":[{"embeddable":true,"href":"https:\/\/koraledetale.pl\/index.php?rest_route=%2Fwp%2Fv2%2Fcomments&post=2332"}],"wp:featuredmedia":[{"embeddable":true,"href":"https:\/\/koraledetale.pl\/index.php?rest_route=\/wp\/v2\/media\/2333"}],"wp:attachment":[{"href":"https:\/\/koraledetale.pl\/index.php?rest_route=%2Fwp%2Fv2%2Fmedia&parent=2332"}],"wp:term":[{"taxonomy":"product_brand","embeddable":true,"href":"https:\/\/koraledetale.pl\/index.php?rest_route=%2Fwp%2Fv2%2Fproduct_brand&post=2332"},{"taxonomy":"product_cat","embeddable":true,"href":"https:\/\/koraledetale.pl\/index.php?rest_route=%2Fwp%2Fv2%2Fproduct_cat&post=2332"},{"taxonomy":"product_tag","embeddable":true,"href":"https:\/\/koraledetale.pl\/index.php?rest_route=%2Fwp%2Fv2%2Fproduct_tag&post=2332"}],"curies":[{"name":"wp","href":"https:\/\/api.w.org\/{rel}","templated":true}]}}