{"id":2318,"date":"2022-04-28T07:29:08","date_gmt":"2022-04-28T07:29:08","guid":{"rendered":"https:\/\/koraledetale.pl\/?post_type=product&#038;p=2318"},"modified":"2024-11-12T10:12:05","modified_gmt":"2024-11-12T10:12:05","slug":"mala-na-wytrwalosc","status":"publish","type":"product","link":"https:\/\/koraledetale.pl\/?product=mala-na-wytrwalosc","title":{"rendered":"Mala na wytrwa\u0142o\u015b\u0107"},"content":{"rendered":"<p>Wielko\u015b\u0107 kamieni:<\/p>\n<ul>\n<li>onyks &#8211; 4,5 mm,<\/li>\n<li>turmalin &#8211; 6,5 mm,<\/li>\n<li>hematyt &#8211; 2&#215;1 mm.<\/li>\n<\/ul>\n<p>D\u0142ugo\u015b\u0107 mali &#8211; 58 cm + guru z chwostem &#8211; 4 cm.<\/p>\n","protected":false},"excerpt":{"rendered":"<p>Kieszonkowa mala z drobnych onyks\u00f3w, dyskretnie przeplatanych drobnymi, z\u0142otymi hematytami, zasupe\u0142kowanych na czerwonej nici. Zwie\u0144czeniem naszyjnika jest koralik guru z czarnego turmalinu oraz czerwony chwost.<\/p>\n","protected":false},"featured_media":2323,"comment_status":"open","ping_status":"closed","template":"","meta":{"advanced_seo_description":"","jetpack_seo_html_title":"","jetpack_seo_noindex":false},"product_brand":[],"product_cat":[229],"product_tag":[288,872,873,871,800,31],"class_list":{"0":"post-2318","1":"product","2":"type-product","3":"status-publish","4":"has-post-thumbnail","6":"product_cat-sprzedane","7":"product_tag-czarny-turmalin","8":"product_tag-mala-z-czarnym-turmalinem","9":"product_tag-mala-z-czerwonym-chwostem","10":"product_tag-mala-z-onyksow","11":"product_tag-onyks","12":"product_tag-zloty-hematyt","14":"first","15":"outofstock","16":"shipping-taxable","17":"product-type-simple"},"jetpack_sharing_enabled":true,"_links":{"self":[{"href":"https:\/\/koraledetale.pl\/index.php?rest_route=\/wp\/v2\/product\/2318","targetHints":{"allow":["GET"]}}],"collection":[{"href":"https:\/\/koraledetale.pl\/index.php?rest_route=\/wp\/v2\/product"}],"about":[{"href":"https:\/\/koraledetale.pl\/index.php?rest_route=\/wp\/v2\/types\/product"}],"replies":[{"embeddable":true,"href":"https:\/\/koraledetale.pl\/index.php?rest_route=%2Fwp%2Fv2%2Fcomments&post=2318"}],"wp:featuredmedia":[{"embeddable":true,"href":"https:\/\/koraledetale.pl\/index.php?rest_route=\/wp\/v2\/media\/2323"}],"wp:attachment":[{"href":"https:\/\/koraledetale.pl\/index.php?rest_route=%2Fwp%2Fv2%2Fmedia&parent=2318"}],"wp:term":[{"taxonomy":"product_brand","embeddable":true,"href":"https:\/\/koraledetale.pl\/index.php?rest_route=%2Fwp%2Fv2%2Fproduct_brand&post=2318"},{"taxonomy":"product_cat","embeddable":true,"href":"https:\/\/koraledetale.pl\/index.php?rest_route=%2Fwp%2Fv2%2Fproduct_cat&post=2318"},{"taxonomy":"product_tag","embeddable":true,"href":"https:\/\/koraledetale.pl\/index.php?rest_route=%2Fwp%2Fv2%2Fproduct_tag&post=2318"}],"curies":[{"name":"wp","href":"https:\/\/api.w.org\/{rel}","templated":true}]}}