{"id":2314,"date":"2022-04-27T08:07:23","date_gmt":"2022-04-27T08:07:23","guid":{"rendered":"https:\/\/koraledetale.pl\/?post_type=product&#038;p=2314"},"modified":"2024-11-12T10:12:19","modified_gmt":"2024-11-12T10:12:19","slug":"bransoletka-dyplomacja-z-kianitami","status":"publish","type":"product","link":"https:\/\/koraledetale.pl\/?product=bransoletka-dyplomacja-z-kianitami","title":{"rendered":"Bransoletka DYPLOMACJA z kianitami"},"content":{"rendered":"<p>Wielko\u015b\u0107 kamieni:<\/p>\n<ul>\n<li>kianit \u2013 2,5 i 3 mm,<\/li>\n<li>hematyt \u2013 2 mm.<\/li>\n<\/ul>\n<p>D\u0142ugo\u015b\u0107 bransoletki: 17,5 cm.<\/p>\n","protected":false},"excerpt":{"rendered":"<p>Bransoletka z kianitami i srebrnymi hematytami zasupe\u0142kowanymi na granatowej, mocnej nici jubilerskiej. Zwie\u0144czeniem bransoletki s\u0105 zawieszki przy zapi\u0119ciu: z symbolem s\u0142o\u0144ca i z kianit\u00f3w.<\/p>\n<p>Wszystkie elementy metalowe wykonane s\u0105 z nieuczulaj\u0105cej stali chirurgicznej (szlachetnej).<\/p>\n","protected":false},"featured_media":2317,"comment_status":"open","ping_status":"closed","template":"","meta":{"advanced_seo_description":"","jetpack_seo_html_title":"","jetpack_seo_noindex":false},"product_brand":[],"product_cat":[229],"product_tag":[870,635,503,323,26,869],"class_list":{"0":"post-2314","1":"product","2":"type-product","3":"status-publish","4":"has-post-thumbnail","6":"product_cat-sprzedane","7":"product_tag-bransoletka-z-kianitami","8":"product_tag-bransoletka-z-niebieskimi-kamieniami","9":"product_tag-bransoletka-z-zawieszkami","10":"product_tag-kianit","11":"product_tag-srebrny-hematyt","12":"product_tag-slonce","14":"first","15":"outofstock","16":"shipping-taxable","17":"product-type-simple"},"jetpack_sharing_enabled":true,"_links":{"self":[{"href":"https:\/\/koraledetale.pl\/index.php?rest_route=\/wp\/v2\/product\/2314","targetHints":{"allow":["GET"]}}],"collection":[{"href":"https:\/\/koraledetale.pl\/index.php?rest_route=\/wp\/v2\/product"}],"about":[{"href":"https:\/\/koraledetale.pl\/index.php?rest_route=\/wp\/v2\/types\/product"}],"replies":[{"embeddable":true,"href":"https:\/\/koraledetale.pl\/index.php?rest_route=%2Fwp%2Fv2%2Fcomments&post=2314"}],"wp:featuredmedia":[{"embeddable":true,"href":"https:\/\/koraledetale.pl\/index.php?rest_route=\/wp\/v2\/media\/2317"}],"wp:attachment":[{"href":"https:\/\/koraledetale.pl\/index.php?rest_route=%2Fwp%2Fv2%2Fmedia&parent=2314"}],"wp:term":[{"taxonomy":"product_brand","embeddable":true,"href":"https:\/\/koraledetale.pl\/index.php?rest_route=%2Fwp%2Fv2%2Fproduct_brand&post=2314"},{"taxonomy":"product_cat","embeddable":true,"href":"https:\/\/koraledetale.pl\/index.php?rest_route=%2Fwp%2Fv2%2Fproduct_cat&post=2314"},{"taxonomy":"product_tag","embeddable":true,"href":"https:\/\/koraledetale.pl\/index.php?rest_route=%2Fwp%2Fv2%2Fproduct_tag&post=2314"}],"curies":[{"name":"wp","href":"https:\/\/api.w.org\/{rel}","templated":true}]}}