{"id":2307,"date":"2022-04-26T08:29:01","date_gmt":"2022-04-26T08:29:01","guid":{"rendered":"https:\/\/koraledetale.pl\/?post_type=product&#038;p=2307"},"modified":"2024-11-12T10:12:57","modified_gmt":"2024-11-12T10:12:57","slug":"naszyjnik-uspokojenie-z-akwamarynem","status":"publish","type":"product","link":"https:\/\/koraledetale.pl\/?product=naszyjnik-uspokojenie-z-akwamarynem","title":{"rendered":"Naszyjnik USPOKOJENIE z akwamarynem"},"content":{"rendered":"<p>Wielko\u015b\u0107 kamieni<\/p>\n<ul>\n<li>akwamaryn \u2013 12 x 8 i 4 mm (przed\u0142u\u017cka), 2<\/li>\n<li>hematyt \u2013 3 x 1 i 2 mm.<\/li>\n<\/ul>\n<p>D\u0142ugo\u015b\u0107 naszyjnika: 45 &#8211; 50 cm.<\/p>\n","protected":false},"excerpt":{"rendered":"<p>\u0141a\u0144cuszek z nieregularnym wa\u0142eczkiem niemal surowego akwamarynu i fasetowan\u0105 kulk\u0105 przy przed\u0142u\u017cce.<\/p>\n<p>Wszystkie elementy metalowe wykonane s\u0105 z nieuczulaj\u0105cej stali chirurgicznej (szlachetnej).<\/p>\n","protected":false},"featured_media":2306,"comment_status":"open","ping_status":"closed","template":"","meta":{"advanced_seo_description":"","jetpack_seo_html_title":"","jetpack_seo_noindex":false},"product_brand":[],"product_cat":[229],"product_tag":[93,867,31,525],"class_list":{"0":"post-2307","1":"product","2":"type-product","3":"status-publish","4":"has-post-thumbnail","6":"product_cat-sprzedane","7":"product_tag-akwamaryn","8":"product_tag-naszyjnik-z-akwamarynem","9":"product_tag-zloty-hematyt","10":"product_tag-lancuszek-z-akwamarynem","12":"first","13":"outofstock","14":"shipping-taxable","15":"product-type-simple"},"jetpack_sharing_enabled":true,"_links":{"self":[{"href":"https:\/\/koraledetale.pl\/index.php?rest_route=\/wp\/v2\/product\/2307","targetHints":{"allow":["GET"]}}],"collection":[{"href":"https:\/\/koraledetale.pl\/index.php?rest_route=\/wp\/v2\/product"}],"about":[{"href":"https:\/\/koraledetale.pl\/index.php?rest_route=\/wp\/v2\/types\/product"}],"replies":[{"embeddable":true,"href":"https:\/\/koraledetale.pl\/index.php?rest_route=%2Fwp%2Fv2%2Fcomments&post=2307"}],"wp:featuredmedia":[{"embeddable":true,"href":"https:\/\/koraledetale.pl\/index.php?rest_route=\/wp\/v2\/media\/2306"}],"wp:attachment":[{"href":"https:\/\/koraledetale.pl\/index.php?rest_route=%2Fwp%2Fv2%2Fmedia&parent=2307"}],"wp:term":[{"taxonomy":"product_brand","embeddable":true,"href":"https:\/\/koraledetale.pl\/index.php?rest_route=%2Fwp%2Fv2%2Fproduct_brand&post=2307"},{"taxonomy":"product_cat","embeddable":true,"href":"https:\/\/koraledetale.pl\/index.php?rest_route=%2Fwp%2Fv2%2Fproduct_cat&post=2307"},{"taxonomy":"product_tag","embeddable":true,"href":"https:\/\/koraledetale.pl\/index.php?rest_route=%2Fwp%2Fv2%2Fproduct_tag&post=2307"}],"curies":[{"name":"wp","href":"https:\/\/api.w.org\/{rel}","templated":true}]}}