{"id":2302,"date":"2022-04-26T08:19:06","date_gmt":"2022-04-26T08:19:06","guid":{"rendered":"https:\/\/koraledetale.pl\/?post_type=product&#038;p=2302"},"modified":"2024-11-12T10:13:06","modified_gmt":"2024-11-12T10:13:06","slug":"kolczyki-uspokojenie-z-akwamarynem","status":"publish","type":"product","link":"https:\/\/koraledetale.pl\/?product=kolczyki-uspokojenie-z-akwamarynem","title":{"rendered":"Kolczyki USPOKOJENIE z akwamarynem"},"content":{"rendered":"<p>Wielko\u015b\u0107 kamieni<\/p>\n<ul>\n<li>akwamaryn &#8211; 12 x 8 mm,<\/li>\n<li>hematyt &#8211; 3 x 1 mm.<\/li>\n<\/ul>\n<p>D\u0142ugo\u015b\u0107 kolczyk\u00f3w &#8211; 3 cm.<\/p>\n","protected":false},"excerpt":{"rendered":"<p>Kolczyki z nieregularnym wa\u0142eczkiem niemal surowego akwamarynu na drobnych k\u00f3\u0142kach ze stali chirurgicznej (szlachetnej).<\/p>\n","protected":false},"featured_media":2304,"comment_status":"open","ping_status":"closed","template":"","meta":{"advanced_seo_description":"","jetpack_seo_html_title":"","jetpack_seo_noindex":false},"product_brand":[],"product_cat":[229],"product_tag":[93,834,226,817,108,31],"class_list":{"0":"post-2302","1":"product","2":"type-product","3":"status-publish","4":"has-post-thumbnail","6":"product_cat-sprzedane","7":"product_tag-akwamaryn","8":"product_tag-dlugie-kolczyki-ze-stali-chirurgicznej","9":"product_tag-kolczyki-kolka","10":"product_tag-kolczyki-z-akwamarynem","11":"product_tag-kolczyki-ze-stali-szlachetnej","12":"product_tag-zloty-hematyt","14":"first","15":"outofstock","16":"shipping-taxable","17":"product-type-simple"},"jetpack_sharing_enabled":true,"_links":{"self":[{"href":"https:\/\/koraledetale.pl\/index.php?rest_route=\/wp\/v2\/product\/2302","targetHints":{"allow":["GET"]}}],"collection":[{"href":"https:\/\/koraledetale.pl\/index.php?rest_route=\/wp\/v2\/product"}],"about":[{"href":"https:\/\/koraledetale.pl\/index.php?rest_route=\/wp\/v2\/types\/product"}],"replies":[{"embeddable":true,"href":"https:\/\/koraledetale.pl\/index.php?rest_route=%2Fwp%2Fv2%2Fcomments&post=2302"}],"wp:featuredmedia":[{"embeddable":true,"href":"https:\/\/koraledetale.pl\/index.php?rest_route=\/wp\/v2\/media\/2304"}],"wp:attachment":[{"href":"https:\/\/koraledetale.pl\/index.php?rest_route=%2Fwp%2Fv2%2Fmedia&parent=2302"}],"wp:term":[{"taxonomy":"product_brand","embeddable":true,"href":"https:\/\/koraledetale.pl\/index.php?rest_route=%2Fwp%2Fv2%2Fproduct_brand&post=2302"},{"taxonomy":"product_cat","embeddable":true,"href":"https:\/\/koraledetale.pl\/index.php?rest_route=%2Fwp%2Fv2%2Fproduct_cat&post=2302"},{"taxonomy":"product_tag","embeddable":true,"href":"https:\/\/koraledetale.pl\/index.php?rest_route=%2Fwp%2Fv2%2Fproduct_tag&post=2302"}],"curies":[{"name":"wp","href":"https:\/\/api.w.org\/{rel}","templated":true}]}}