{"id":2274,"date":"2022-04-21T07:15:13","date_gmt":"2022-04-21T07:15:13","guid":{"rendered":"https:\/\/koraledetale.pl\/?post_type=product&#038;p=2274"},"modified":"2024-11-12T10:14:14","modified_gmt":"2024-11-12T10:14:14","slug":"bransoletka-amulet-ii-z-czarnymi-turmalinami","status":"publish","type":"product","link":"https:\/\/koraledetale.pl\/?product=bransoletka-amulet-ii-z-czarnymi-turmalinami","title":{"rendered":"Bransoletka AMULET II z czarnymi turmalinami"},"content":{"rendered":"<p>Wielko\u015b\u0107 kamieni:<\/p>\n<ul>\n<li>turmalin &#8211; 3,5 i 2,5 mm,<\/li>\n<li>hemtyt &#8211; 2 mm.<\/li>\n<\/ul>\n<p>Regulowana d\u0142ugo\u015b\u0107 bransoletki do 22 cm.<\/p>\n<p>Je\u015bli interesuje Ci\u0119 bransoletka w wersji srebrnej (ze srebrnymi hematytami) napisz o tym w uwagach do zam\u00f3wienia. W przypadku braku uwag wy\u015bl\u0119 wersj\u0119 z\u0142ot\u0105.<\/p>\n","protected":false},"excerpt":{"rendered":"<p>Bransoletka z czarnymi turmalinami i z\u0142otymi hematytami na regulowanym czerwonym sznureczku.<\/p>\n","protected":false},"featured_media":2275,"comment_status":"open","ping_status":"closed","template":"","meta":{"advanced_seo_description":"","jetpack_seo_html_title":"","jetpack_seo_noindex":false},"product_brand":[],"product_cat":[229],"product_tag":[861,287,288,292,862,31],"class_list":{"0":"post-2274","1":"product","2":"type-product","3":"status-publish","4":"has-post-thumbnail","6":"product_cat-sprzedane","7":"product_tag-amulet","8":"product_tag-bransoletka-z-czarnym-turmalinem","9":"product_tag-czarny-turmalin","10":"product_tag-czarny-turmalin-na-czerwonym-sznureczku","11":"product_tag-talizman","12":"product_tag-zloty-hematyt","14":"first","15":"outofstock","16":"shipping-taxable","17":"product-type-simple"},"jetpack_sharing_enabled":true,"_links":{"self":[{"href":"https:\/\/koraledetale.pl\/index.php?rest_route=\/wp\/v2\/product\/2274","targetHints":{"allow":["GET"]}}],"collection":[{"href":"https:\/\/koraledetale.pl\/index.php?rest_route=\/wp\/v2\/product"}],"about":[{"href":"https:\/\/koraledetale.pl\/index.php?rest_route=\/wp\/v2\/types\/product"}],"replies":[{"embeddable":true,"href":"https:\/\/koraledetale.pl\/index.php?rest_route=%2Fwp%2Fv2%2Fcomments&post=2274"}],"wp:featuredmedia":[{"embeddable":true,"href":"https:\/\/koraledetale.pl\/index.php?rest_route=\/wp\/v2\/media\/2275"}],"wp:attachment":[{"href":"https:\/\/koraledetale.pl\/index.php?rest_route=%2Fwp%2Fv2%2Fmedia&parent=2274"}],"wp:term":[{"taxonomy":"product_brand","embeddable":true,"href":"https:\/\/koraledetale.pl\/index.php?rest_route=%2Fwp%2Fv2%2Fproduct_brand&post=2274"},{"taxonomy":"product_cat","embeddable":true,"href":"https:\/\/koraledetale.pl\/index.php?rest_route=%2Fwp%2Fv2%2Fproduct_cat&post=2274"},{"taxonomy":"product_tag","embeddable":true,"href":"https:\/\/koraledetale.pl\/index.php?rest_route=%2Fwp%2Fv2%2Fproduct_tag&post=2274"}],"curies":[{"name":"wp","href":"https:\/\/api.w.org\/{rel}","templated":true}]}}