{"id":2269,"date":"2022-04-19T19:51:43","date_gmt":"2022-04-19T19:51:43","guid":{"rendered":"https:\/\/koraledetale.pl\/?post_type=product&#038;p=2269"},"modified":"2024-11-12T10:14:28","modified_gmt":"2024-11-12T10:14:28","slug":"bransoletka-energia-ii-z-czarnymi-turmalinami","status":"publish","type":"product","link":"https:\/\/koraledetale.pl\/?product=bransoletka-energia-ii-z-czarnymi-turmalinami","title":{"rendered":"Bransoletka ENERGIA II z czarnymi turmalinami"},"content":{"rendered":"<p>Wielko\u015b\u0107 turmalin\u00f3w \u2013 3,5 mm.<\/p>\n<p>\u015arednica zawieszki &#8211; 11 mm.<\/p>\n<p>Bransoletk\u0119 zapniesz w dowolnym miejscu \u0142a\u0144cucha, maksymalnie na d\u0142ugo\u015bci 19,5 cm.<\/p>\n","protected":false},"excerpt":{"rendered":"<p>Bransoletka z czarnych turmalin\u00f3w zasupe\u0142kowanych na czerwonej nici i \u0142a\u0144cucha -spinacza, z \u0142\u0105cznikiem w formie drzewa \u017cycia.<\/p>\n<p>Wszystkie elementy metalowe wykonane s\u0105 z nieuczulaj\u0105cej stali chirurgicznej (szlachetnej).<\/p>\n","protected":false},"featured_media":2270,"comment_status":"open","ping_status":"closed","template":"","meta":{"advanced_seo_description":"","jetpack_seo_html_title":"","jetpack_seo_noindex":false},"product_brand":[],"product_cat":[229],"product_tag":[859,632,728,288,292,633,860],"class_list":{"0":"post-2269","1":"product","2":"type-product","3":"status-publish","4":"has-post-thumbnail","6":"product_cat-sprzedane","7":"product_tag-bransoletka-z-czarnymi-turmalinami","8":"product_tag-bransoletka-z-drzewem-zycia","9":"product_tag-bransoletka-z-lancuchem-i-turmalinami","10":"product_tag-czarny-turmalin","11":"product_tag-czarny-turmalin-na-czerwonym-sznureczku","12":"product_tag-drzewo-zycia","13":"product_tag-lancuch-spinacz","15":"first","16":"outofstock","17":"shipping-taxable","18":"product-type-simple"},"jetpack_sharing_enabled":true,"_links":{"self":[{"href":"https:\/\/koraledetale.pl\/index.php?rest_route=\/wp\/v2\/product\/2269","targetHints":{"allow":["GET"]}}],"collection":[{"href":"https:\/\/koraledetale.pl\/index.php?rest_route=\/wp\/v2\/product"}],"about":[{"href":"https:\/\/koraledetale.pl\/index.php?rest_route=\/wp\/v2\/types\/product"}],"replies":[{"embeddable":true,"href":"https:\/\/koraledetale.pl\/index.php?rest_route=%2Fwp%2Fv2%2Fcomments&post=2269"}],"wp:featuredmedia":[{"embeddable":true,"href":"https:\/\/koraledetale.pl\/index.php?rest_route=\/wp\/v2\/media\/2270"}],"wp:attachment":[{"href":"https:\/\/koraledetale.pl\/index.php?rest_route=%2Fwp%2Fv2%2Fmedia&parent=2269"}],"wp:term":[{"taxonomy":"product_brand","embeddable":true,"href":"https:\/\/koraledetale.pl\/index.php?rest_route=%2Fwp%2Fv2%2Fproduct_brand&post=2269"},{"taxonomy":"product_cat","embeddable":true,"href":"https:\/\/koraledetale.pl\/index.php?rest_route=%2Fwp%2Fv2%2Fproduct_cat&post=2269"},{"taxonomy":"product_tag","embeddable":true,"href":"https:\/\/koraledetale.pl\/index.php?rest_route=%2Fwp%2Fv2%2Fproduct_tag&post=2269"}],"curies":[{"name":"wp","href":"https:\/\/api.w.org\/{rel}","templated":true}]}}