{"id":2265,"date":"2022-04-19T16:52:01","date_gmt":"2022-04-19T16:52:01","guid":{"rendered":"https:\/\/koraledetale.pl\/?post_type=product&#038;p=2265"},"modified":"2024-11-12T10:14:46","modified_gmt":"2024-11-12T10:14:46","slug":"naszyjnik-szafirowe-oko-wersja-srebrna","status":"publish","type":"product","link":"https:\/\/koraledetale.pl\/?product=naszyjnik-szafirowe-oko-wersja-srebrna","title":{"rendered":"Naszyjnik SZAFIROWE OKO wersja srebrna"},"content":{"rendered":"<p>Wielko\u015b\u0107 kamieni:<\/p>\n<ul>\n<li>szafir \u2013 3,5 mm,<\/li>\n<li>hematyt &#8211; 2\u00d71 i 2 mm.<\/li>\n<\/ul>\n<p>D\u0142ugo\u015b\u0107 naszyjnika: 52-56,5 cm + zawieszka 2 cm.<\/p>\n","protected":false},"excerpt":{"rendered":"<p>Naszyjnik z szafir\u00f3w przeplatanych srebrnymi hematytami, z zawieszk\u0105 \u2013 symbolem oka. Wszystkie elementy metalowe wykonane s\u0105 z nieuczulaj\u0105cej stali chirurgicznej (szlachetnej).<\/p>\n","protected":false},"featured_media":2266,"comment_status":"open","ping_status":"closed","template":"","meta":{"advanced_seo_description":"","jetpack_seo_html_title":"","jetpack_seo_noindex":false},"product_brand":[],"product_cat":[229],"product_tag":[66,263,260,26,25,142],"class_list":{"0":"post-2265","1":"product","2":"type-product","3":"status-publish","4":"has-post-thumbnail","6":"product_cat-sprzedane","7":"product_tag-naszyjnik-z-kamieniami-naturalnymi","8":"product_tag-naszyjnik-z-okiem-opatrznosci","9":"product_tag-naszyjnik-z-szafirami","10":"product_tag-srebrny-hematyt","11":"product_tag-szafir","12":"product_tag-lancuszek","14":"first","15":"outofstock","16":"shipping-taxable","17":"product-type-simple"},"jetpack_sharing_enabled":true,"_links":{"self":[{"href":"https:\/\/koraledetale.pl\/index.php?rest_route=\/wp\/v2\/product\/2265","targetHints":{"allow":["GET"]}}],"collection":[{"href":"https:\/\/koraledetale.pl\/index.php?rest_route=\/wp\/v2\/product"}],"about":[{"href":"https:\/\/koraledetale.pl\/index.php?rest_route=\/wp\/v2\/types\/product"}],"replies":[{"embeddable":true,"href":"https:\/\/koraledetale.pl\/index.php?rest_route=%2Fwp%2Fv2%2Fcomments&post=2265"}],"wp:featuredmedia":[{"embeddable":true,"href":"https:\/\/koraledetale.pl\/index.php?rest_route=\/wp\/v2\/media\/2266"}],"wp:attachment":[{"href":"https:\/\/koraledetale.pl\/index.php?rest_route=%2Fwp%2Fv2%2Fmedia&parent=2265"}],"wp:term":[{"taxonomy":"product_brand","embeddable":true,"href":"https:\/\/koraledetale.pl\/index.php?rest_route=%2Fwp%2Fv2%2Fproduct_brand&post=2265"},{"taxonomy":"product_cat","embeddable":true,"href":"https:\/\/koraledetale.pl\/index.php?rest_route=%2Fwp%2Fv2%2Fproduct_cat&post=2265"},{"taxonomy":"product_tag","embeddable":true,"href":"https:\/\/koraledetale.pl\/index.php?rest_route=%2Fwp%2Fv2%2Fproduct_tag&post=2265"}],"curies":[{"name":"wp","href":"https:\/\/api.w.org\/{rel}","templated":true}]}}