{"id":2251,"date":"2022-04-13T09:28:37","date_gmt":"2022-04-13T09:28:37","guid":{"rendered":"https:\/\/koraledetale.pl\/?post_type=product&#038;p=2251"},"modified":"2024-11-12T10:06:05","modified_gmt":"2024-11-12T10:06:05","slug":"bransoletka-wibracje-z-lapis-lazuri-amazonitem-howlitem-i-koralem","status":"publish","type":"product","link":"https:\/\/koraledetale.pl\/?product=bransoletka-wibracje-z-lapis-lazuri-amazonitem-howlitem-i-koralem","title":{"rendered":"Bransoletka WIBRACJE z lapis lazuri, amazonitem, howlitem i koralem"},"content":{"rendered":"<p>Wielko\u015b\u0107 kamieni:<\/p>\n<ul>\n<li>lapis lazuri \u2013 2 mm,<\/li>\n<li>koral czerwony \u2013 2 mm,<\/li>\n<li>amazonit \u2013 2,5 mm,<\/li>\n<li>howlit turkusowy \u2013 2 mm,<\/li>\n<li>hematyt \u2013 2\u00d71, 2 i 3,5\u00d72,5 mm.<\/li>\n<\/ul>\n<p>D\u0142ugo\u015b\u0107 bransoletki: 16-18,5 cm.<\/p>\n","protected":false},"excerpt":{"rendered":"<p>Bransoletka z lapis lazuri przeplatanego amazonitem, czerwonym koralem i howlitem turkusowym oraz przek\u0142adkami ze z\u0142otego hematytu.<\/p>\n<p>Wszystkie elementy metalowe wykonane s\u0105 z nieuczulaj\u0105cej stali chirurgicznej (szlachetnej).<\/p>\n","protected":false},"featured_media":2243,"comment_status":"open","ping_status":"closed","template":"","meta":{"advanced_seo_description":"","jetpack_seo_html_title":"","jetpack_seo_noindex":false},"product_brand":[],"product_cat":[229],"product_tag":[53,851,79,190,298,463,82,81,31],"class_list":{"0":"post-2251","1":"product","2":"type-product","3":"status-publish","4":"has-post-thumbnail","6":"product_cat-sprzedane","7":"product_tag-amazonit","8":"product_tag-bransoletka-z","9":"product_tag-bransoletka-z-drobnych-kamieni","10":"product_tag-bransoletka-z-kolorowych-kamieni","11":"product_tag-bransoletka-z-lapis-lazuri","12":"product_tag-howlit-turkusowy","13":"product_tag-koral","14":"product_tag-lapis-lazuri","15":"product_tag-zloty-hematyt","17":"first","18":"outofstock","19":"shipping-taxable","20":"product-type-simple"},"jetpack_sharing_enabled":true,"_links":{"self":[{"href":"https:\/\/koraledetale.pl\/index.php?rest_route=\/wp\/v2\/product\/2251","targetHints":{"allow":["GET"]}}],"collection":[{"href":"https:\/\/koraledetale.pl\/index.php?rest_route=\/wp\/v2\/product"}],"about":[{"href":"https:\/\/koraledetale.pl\/index.php?rest_route=\/wp\/v2\/types\/product"}],"replies":[{"embeddable":true,"href":"https:\/\/koraledetale.pl\/index.php?rest_route=%2Fwp%2Fv2%2Fcomments&post=2251"}],"wp:featuredmedia":[{"embeddable":true,"href":"https:\/\/koraledetale.pl\/index.php?rest_route=\/wp\/v2\/media\/2243"}],"wp:attachment":[{"href":"https:\/\/koraledetale.pl\/index.php?rest_route=%2Fwp%2Fv2%2Fmedia&parent=2251"}],"wp:term":[{"taxonomy":"product_brand","embeddable":true,"href":"https:\/\/koraledetale.pl\/index.php?rest_route=%2Fwp%2Fv2%2Fproduct_brand&post=2251"},{"taxonomy":"product_cat","embeddable":true,"href":"https:\/\/koraledetale.pl\/index.php?rest_route=%2Fwp%2Fv2%2Fproduct_cat&post=2251"},{"taxonomy":"product_tag","embeddable":true,"href":"https:\/\/koraledetale.pl\/index.php?rest_route=%2Fwp%2Fv2%2Fproduct_tag&post=2251"}],"curies":[{"name":"wp","href":"https:\/\/api.w.org\/{rel}","templated":true}]}}