{"id":2249,"date":"2022-04-13T09:00:09","date_gmt":"2022-04-13T09:00:09","guid":{"rendered":"https:\/\/koraledetale.pl\/?post_type=product&#038;p=2249"},"modified":"2024-11-12T10:06:32","modified_gmt":"2024-11-12T10:06:32","slug":"bransoletka-wibracje-z-amazonitem-lapis-lazuri-i-howlitem","status":"publish","type":"product","link":"https:\/\/koraledetale.pl\/?product=bransoletka-wibracje-z-amazonitem-lapis-lazuri-i-howlitem","title":{"rendered":"Bransoletka WIBRACJE z amazonitem, lapis lazuri i howlitem"},"content":{"rendered":"<p>Wielko\u015b\u0107 kamieni:<\/p>\n<ul>\n<li>amazonit &#8211; 2,5 mm,<\/li>\n<li>lapis lazuri &#8211; 2 mm,<\/li>\n<li>howlit turkusowy &#8211; 2 mm,<\/li>\n<li>hematyt &#8211; 2&#215;1, 2 i 3,5&#215;2,5 mm.<\/li>\n<\/ul>\n<p>D\u0142ugo\u015b\u0107 bransoletki: 16-18,5 cm.<\/p>\n","protected":false},"excerpt":{"rendered":"<p>Bransoletka z amazonit\u00f3w przeplatanych lapis lazuri, howlitem turkusowym oraz przek\u0142adkami ze z\u0142otego hematytu.<\/p>\n<p>Wszystkie elementy metalowe wykonane s\u0105 z nieuczulaj\u0105cej stali chirurgicznej (szlachetnej).<\/p>\n","protected":false},"featured_media":2242,"comment_status":"open","ping_status":"closed","template":"","meta":{"advanced_seo_description":"","jetpack_seo_html_title":"","jetpack_seo_noindex":false},"product_brand":[],"product_cat":[229],"product_tag":[53,848,79,635,463,81,31],"class_list":{"0":"post-2249","1":"product","2":"type-product","3":"status-publish","4":"has-post-thumbnail","6":"product_cat-sprzedane","7":"product_tag-amazonit","8":"product_tag-bransoletka-z-amazonitami","9":"product_tag-bransoletka-z-drobnych-kamieni","10":"product_tag-bransoletka-z-niebieskimi-kamieniami","11":"product_tag-howlit-turkusowy","12":"product_tag-lapis-lazuri","13":"product_tag-zloty-hematyt","15":"first","16":"outofstock","17":"shipping-taxable","18":"product-type-simple"},"jetpack_sharing_enabled":true,"_links":{"self":[{"href":"https:\/\/koraledetale.pl\/index.php?rest_route=\/wp\/v2\/product\/2249","targetHints":{"allow":["GET"]}}],"collection":[{"href":"https:\/\/koraledetale.pl\/index.php?rest_route=\/wp\/v2\/product"}],"about":[{"href":"https:\/\/koraledetale.pl\/index.php?rest_route=\/wp\/v2\/types\/product"}],"replies":[{"embeddable":true,"href":"https:\/\/koraledetale.pl\/index.php?rest_route=%2Fwp%2Fv2%2Fcomments&post=2249"}],"wp:featuredmedia":[{"embeddable":true,"href":"https:\/\/koraledetale.pl\/index.php?rest_route=\/wp\/v2\/media\/2242"}],"wp:attachment":[{"href":"https:\/\/koraledetale.pl\/index.php?rest_route=%2Fwp%2Fv2%2Fmedia&parent=2249"}],"wp:term":[{"taxonomy":"product_brand","embeddable":true,"href":"https:\/\/koraledetale.pl\/index.php?rest_route=%2Fwp%2Fv2%2Fproduct_brand&post=2249"},{"taxonomy":"product_cat","embeddable":true,"href":"https:\/\/koraledetale.pl\/index.php?rest_route=%2Fwp%2Fv2%2Fproduct_cat&post=2249"},{"taxonomy":"product_tag","embeddable":true,"href":"https:\/\/koraledetale.pl\/index.php?rest_route=%2Fwp%2Fv2%2Fproduct_tag&post=2249"}],"curies":[{"name":"wp","href":"https:\/\/api.w.org\/{rel}","templated":true}]}}