{"id":2234,"date":"2022-04-10T20:23:41","date_gmt":"2022-04-10T20:23:41","guid":{"rendered":"https:\/\/koraledetale.pl\/?post_type=product&#038;p=2234"},"modified":"2024-11-12T10:06:48","modified_gmt":"2024-11-12T10:06:48","slug":"bransoletka-odpowiedzialnosc-z-pirytem","status":"publish","type":"product","link":"https:\/\/koraledetale.pl\/?product=bransoletka-odpowiedzialnosc-z-pirytem","title":{"rendered":"Bransoletka ODPOWIEDZIALNO\u015a\u0106 z pirytem"},"content":{"rendered":"<p>Wielko\u015b\u0107 kamieni:<\/p>\n<ul>\n<li>piryt \u2013 3 mm,<\/li>\n<li>hematyt \u2013 3\u00d71 mm, 2\u00d75 mm i 2 mm.<\/li>\n<\/ul>\n<p>Wielko\u015b\u0107 zawieszki \u2013 8&#215;8 cm.<\/p>\n<p>D\u0142ugo\u015b\u0107 bransoletki: 15 \u2013 17,5 cm.<\/p>\n","protected":false},"excerpt":{"rendered":"<p>Bransoletka z pirytem i z\u0142otym hematytem oraz zawieszk\u0105 &#8211; anio\u0142em, zasupe\u0142kowanymi na \u017c\u00f3\u0142tej nici jubilerskiej, oraz jedwabnym chwostem przy przed\u0142u\u017cce.<\/p>\n<p>Wszystkie elementy metalowe wykonane s\u0105 z nieuczulaj\u0105cej stali chirurgicznej (szlachetnej)<\/p>\n","protected":false},"featured_media":2236,"comment_status":"open","ping_status":"closed","template":"","meta":{"advanced_seo_description":"","jetpack_seo_html_title":"","jetpack_seo_noindex":false},"product_brand":[],"product_cat":[229],"product_tag":[847,845,846,80,844,65,478,156],"class_list":{"0":"post-2234","1":"product","2":"type-product","3":"status-publish","4":"has-post-thumbnail","6":"product_cat-sprzedane","7":"product_tag-aniol","8":"product_tag-bransoletka-na-zoltej-nitce","9":"product_tag-bransoletka-z-aniolem","10":"product_tag-bransoletka-z-kamieniami-naturalnymi","11":"product_tag-bransoletka-z-pirytem","12":"product_tag-chwost","13":"product_tag-jedwab","14":"product_tag-piryt","16":"first","17":"outofstock","18":"shipping-taxable","19":"product-type-simple"},"jetpack_sharing_enabled":true,"_links":{"self":[{"href":"https:\/\/koraledetale.pl\/index.php?rest_route=\/wp\/v2\/product\/2234","targetHints":{"allow":["GET"]}}],"collection":[{"href":"https:\/\/koraledetale.pl\/index.php?rest_route=\/wp\/v2\/product"}],"about":[{"href":"https:\/\/koraledetale.pl\/index.php?rest_route=\/wp\/v2\/types\/product"}],"replies":[{"embeddable":true,"href":"https:\/\/koraledetale.pl\/index.php?rest_route=%2Fwp%2Fv2%2Fcomments&post=2234"}],"wp:featuredmedia":[{"embeddable":true,"href":"https:\/\/koraledetale.pl\/index.php?rest_route=\/wp\/v2\/media\/2236"}],"wp:attachment":[{"href":"https:\/\/koraledetale.pl\/index.php?rest_route=%2Fwp%2Fv2%2Fmedia&parent=2234"}],"wp:term":[{"taxonomy":"product_brand","embeddable":true,"href":"https:\/\/koraledetale.pl\/index.php?rest_route=%2Fwp%2Fv2%2Fproduct_brand&post=2234"},{"taxonomy":"product_cat","embeddable":true,"href":"https:\/\/koraledetale.pl\/index.php?rest_route=%2Fwp%2Fv2%2Fproduct_cat&post=2234"},{"taxonomy":"product_tag","embeddable":true,"href":"https:\/\/koraledetale.pl\/index.php?rest_route=%2Fwp%2Fv2%2Fproduct_tag&post=2234"}],"curies":[{"name":"wp","href":"https:\/\/api.w.org\/{rel}","templated":true}]}}