{"id":2233,"date":"2022-04-08T08:46:35","date_gmt":"2022-04-08T08:46:35","guid":{"rendered":"https:\/\/koraledetale.pl\/?post_type=product&#038;p=2233"},"modified":"2024-11-12T10:07:03","modified_gmt":"2024-11-12T10:07:03","slug":"bransoletka-przyciaganie-z-koralem-larimarem-i-turkusem","status":"publish","type":"product","link":"https:\/\/koraledetale.pl\/?product=bransoletka-przyciaganie-z-koralem-larimarem-i-turkusem","title":{"rendered":"Bransoletka PRZYCI\u0104GANIE z koralem, larimarem i turkusem"},"content":{"rendered":"<p>Wielko\u015b\u0107 kamieni:<\/p>\n<ul>\n<li>koral \u2013 2 mm,<\/li>\n<li>larimar \u2013 2,5 mm,<\/li>\n<li>turkus \u2013 2,5\u00d74 mm,<\/li>\n<li>hematyt \u2013 2\u00d71 mm i 2 mm.<\/li>\n<\/ul>\n<p>D\u0142ugo\u015b\u0107 bransoletki: 16 &#8211; 19 cm.<\/p>\n","protected":false},"excerpt":{"rendered":"<p>Bransoletka z drobnych korali, przeplatanych larimarami, wa\u0142eczkami turkus\u00f3w i z\u0142otych hematyt\u00f3w.<\/p>\n<p>Wszystkie elementy metalowe wykonane s\u0105 z nieuczulaj\u0105cej stali chirurgicznej (szlachetnej).<\/p>\n","protected":false},"featured_media":2226,"comment_status":"open","ping_status":"closed","template":"","meta":{"advanced_seo_description":"","jetpack_seo_html_title":"","jetpack_seo_noindex":false},"product_brand":[],"product_cat":[229],"product_tag":[825,722,843,82,488,105,31],"class_list":{"0":"post-2233","1":"product","2":"type-product","3":"status-publish","4":"has-post-thumbnail","6":"product_cat-sprzedane","7":"product_tag-bransoletka-z-koralem","8":"product_tag-bransoletka-z-larimarem","9":"product_tag-bransoletka-z-turkusem","10":"product_tag-koral","11":"product_tag-larimar","12":"product_tag-turkus","13":"product_tag-zloty-hematyt","15":"first","16":"outofstock","17":"shipping-taxable","18":"product-type-simple"},"jetpack_sharing_enabled":true,"_links":{"self":[{"href":"https:\/\/koraledetale.pl\/index.php?rest_route=\/wp\/v2\/product\/2233","targetHints":{"allow":["GET"]}}],"collection":[{"href":"https:\/\/koraledetale.pl\/index.php?rest_route=\/wp\/v2\/product"}],"about":[{"href":"https:\/\/koraledetale.pl\/index.php?rest_route=\/wp\/v2\/types\/product"}],"replies":[{"embeddable":true,"href":"https:\/\/koraledetale.pl\/index.php?rest_route=%2Fwp%2Fv2%2Fcomments&post=2233"}],"wp:featuredmedia":[{"embeddable":true,"href":"https:\/\/koraledetale.pl\/index.php?rest_route=\/wp\/v2\/media\/2226"}],"wp:attachment":[{"href":"https:\/\/koraledetale.pl\/index.php?rest_route=%2Fwp%2Fv2%2Fmedia&parent=2233"}],"wp:term":[{"taxonomy":"product_brand","embeddable":true,"href":"https:\/\/koraledetale.pl\/index.php?rest_route=%2Fwp%2Fv2%2Fproduct_brand&post=2233"},{"taxonomy":"product_cat","embeddable":true,"href":"https:\/\/koraledetale.pl\/index.php?rest_route=%2Fwp%2Fv2%2Fproduct_cat&post=2233"},{"taxonomy":"product_tag","embeddable":true,"href":"https:\/\/koraledetale.pl\/index.php?rest_route=%2Fwp%2Fv2%2Fproduct_tag&post=2233"}],"curies":[{"name":"wp","href":"https:\/\/api.w.org\/{rel}","templated":true}]}}