{"id":2217,"date":"2022-04-07T10:07:02","date_gmt":"2022-04-07T10:07:02","guid":{"rendered":"https:\/\/koraledetale.pl\/?post_type=product&#038;p=2217"},"modified":"2024-11-12T10:07:35","modified_gmt":"2024-11-12T10:07:35","slug":"bransoletka-wsparcie-z-awenturynem","status":"publish","type":"product","link":"https:\/\/koraledetale.pl\/?product=bransoletka-wsparcie-z-awenturynem","title":{"rendered":"Bransoletka WSPARCIE z awenturynem"},"content":{"rendered":"<p>Wielko\u015b\u0107 kamieni:<\/p>\n<ul>\n<li>awenturyn &#8211; ok. 12&#215;8 mm,<\/li>\n<li>hematyt &#8211; 4&#215;2 i 2 mm,<\/li>\n<li>szmaragd &#8211; 4 mm.<\/li>\n<\/ul>\n<p>D\u0142ugo\u015b\u0107 bransoletki: 18-21 cm.<\/p>\n","protected":false},"excerpt":{"rendered":"<p>Bransoletka z du\u017cych, nieregularnych wa\u0142eczk\u00f3w awenturynu w kolorze mi\u0119ty, przeplatanych srebrnymi hematytami i szmaragdem przy przed\u0142u\u017cce.<\/p>\n<p>Wszystkie elementy metalowe wykonane s\u0105 z nieuczulaj\u0105cej stali chirurgicznej (szlachetnej).<\/p>\n","protected":false},"featured_media":2220,"comment_status":"open","ping_status":"closed","template":"","meta":{"advanced_seo_description":"","jetpack_seo_html_title":"","jetpack_seo_noindex":false},"product_brand":[],"product_cat":[229],"product_tag":[482,837,838,48,26,143],"class_list":{"0":"post-2217","1":"product","2":"type-product","3":"status-publish","4":"has-post-thumbnail","6":"product_cat-sprzedane","7":"product_tag-awenturyn","8":"product_tag-bransoletka-z-duzymi-awenturynami","9":"product_tag-bransoletka-z-duzymi-kamieniami","10":"product_tag-kamienie-naturalne","11":"product_tag-srebrny-hematyt","12":"product_tag-szmaragd","14":"first","15":"outofstock","16":"shipping-taxable","17":"product-type-simple"},"jetpack_sharing_enabled":true,"_links":{"self":[{"href":"https:\/\/koraledetale.pl\/index.php?rest_route=\/wp\/v2\/product\/2217","targetHints":{"allow":["GET"]}}],"collection":[{"href":"https:\/\/koraledetale.pl\/index.php?rest_route=\/wp\/v2\/product"}],"about":[{"href":"https:\/\/koraledetale.pl\/index.php?rest_route=\/wp\/v2\/types\/product"}],"replies":[{"embeddable":true,"href":"https:\/\/koraledetale.pl\/index.php?rest_route=%2Fwp%2Fv2%2Fcomments&post=2217"}],"wp:featuredmedia":[{"embeddable":true,"href":"https:\/\/koraledetale.pl\/index.php?rest_route=\/wp\/v2\/media\/2220"}],"wp:attachment":[{"href":"https:\/\/koraledetale.pl\/index.php?rest_route=%2Fwp%2Fv2%2Fmedia&parent=2217"}],"wp:term":[{"taxonomy":"product_brand","embeddable":true,"href":"https:\/\/koraledetale.pl\/index.php?rest_route=%2Fwp%2Fv2%2Fproduct_brand&post=2217"},{"taxonomy":"product_cat","embeddable":true,"href":"https:\/\/koraledetale.pl\/index.php?rest_route=%2Fwp%2Fv2%2Fproduct_cat&post=2217"},{"taxonomy":"product_tag","embeddable":true,"href":"https:\/\/koraledetale.pl\/index.php?rest_route=%2Fwp%2Fv2%2Fproduct_tag&post=2217"}],"curies":[{"name":"wp","href":"https:\/\/api.w.org\/{rel}","templated":true}]}}