{"id":2216,"date":"2022-04-06T07:23:16","date_gmt":"2022-04-06T07:23:16","guid":{"rendered":"https:\/\/koraledetale.pl\/?post_type=product&#038;p=2216"},"modified":"2024-11-12T10:07:51","modified_gmt":"2024-11-12T10:07:51","slug":"bransoletka-drzewo-zycia-z-szafirami-i-kunzytem","status":"publish","type":"product","link":"https:\/\/koraledetale.pl\/?product=bransoletka-drzewo-zycia-z-szafirami-i-kunzytem","title":{"rendered":"Bransoletka DRZEWO \u017bYCIA z szafirami i kunzytem"},"content":{"rendered":"<p>Wielko\u015b\u0107 kamieni:<\/p>\n<ul>\n<li>szafir \u2013 3,5 mm,<\/li>\n<li>kunzyt \u2013 3,5 mm,<\/li>\n<li>hematyt \u2013 2 mm.<\/li>\n<\/ul>\n<p>\u015arednica zawieszki \u2013 9 cm.<\/p>\n<p>D\u0142ugo\u015b\u0107 bransoletki: 15,5 \u2013 18,5 cm.<\/p>\n","protected":false},"excerpt":{"rendered":"<p>Bransoletka z szafirami, z wplecionym kunzytem pomi\u0119dzy z\u0142otymi hematytami, zasup\u0142anymi na r\u00f3\u017cowej nitce, oraz z zawieszk\u0105 \u2013 drzewem \u017cycia.<\/p>\n<p>Wszystkie elementy metalowe wykonane s\u0105 z nieuczulaj\u0105cej stali chirurgicznej (szlachetnej).<\/p>\n","protected":false},"featured_media":2212,"comment_status":"open","ping_status":"closed","template":"","meta":{"advanced_seo_description":"","jetpack_seo_html_title":"","jetpack_seo_noindex":false},"product_brand":[],"product_cat":[229],"product_tag":[632,80,761,633,512,25,31],"class_list":{"0":"post-2216","1":"product","2":"type-product","3":"status-publish","4":"has-post-thumbnail","6":"product_cat-sprzedane","7":"product_tag-bransoletka-z-drzewem-zycia","8":"product_tag-bransoletka-z-kamieniami-naturalnymi","9":"product_tag-bransoletka-z-szafirami","10":"product_tag-drzewo-zycia","11":"product_tag-kunzyt","12":"product_tag-szafir","13":"product_tag-zloty-hematyt","15":"first","16":"outofstock","17":"shipping-taxable","18":"product-type-simple"},"jetpack_sharing_enabled":true,"_links":{"self":[{"href":"https:\/\/koraledetale.pl\/index.php?rest_route=\/wp\/v2\/product\/2216","targetHints":{"allow":["GET"]}}],"collection":[{"href":"https:\/\/koraledetale.pl\/index.php?rest_route=\/wp\/v2\/product"}],"about":[{"href":"https:\/\/koraledetale.pl\/index.php?rest_route=\/wp\/v2\/types\/product"}],"replies":[{"embeddable":true,"href":"https:\/\/koraledetale.pl\/index.php?rest_route=%2Fwp%2Fv2%2Fcomments&post=2216"}],"wp:featuredmedia":[{"embeddable":true,"href":"https:\/\/koraledetale.pl\/index.php?rest_route=\/wp\/v2\/media\/2212"}],"wp:attachment":[{"href":"https:\/\/koraledetale.pl\/index.php?rest_route=%2Fwp%2Fv2%2Fmedia&parent=2216"}],"wp:term":[{"taxonomy":"product_brand","embeddable":true,"href":"https:\/\/koraledetale.pl\/index.php?rest_route=%2Fwp%2Fv2%2Fproduct_brand&post=2216"},{"taxonomy":"product_cat","embeddable":true,"href":"https:\/\/koraledetale.pl\/index.php?rest_route=%2Fwp%2Fv2%2Fproduct_cat&post=2216"},{"taxonomy":"product_tag","embeddable":true,"href":"https:\/\/koraledetale.pl\/index.php?rest_route=%2Fwp%2Fv2%2Fproduct_tag&post=2216"}],"curies":[{"name":"wp","href":"https:\/\/api.w.org\/{rel}","templated":true}]}}