{"id":2174,"date":"2022-03-27T11:30:26","date_gmt":"2022-03-27T11:30:26","guid":{"rendered":"https:\/\/koraledetale.pl\/?post_type=product&#038;p=2174"},"modified":"2024-11-12T10:09:42","modified_gmt":"2024-11-12T10:09:42","slug":"mala-na-zlapanie-dystansu","status":"publish","type":"product","link":"https:\/\/koraledetale.pl\/?product=mala-na-zlapanie-dystansu","title":{"rendered":"Mala na z\u0142apanie dystansu"},"content":{"rendered":"<p>Wielko\u015b\u0107 kamieni:<\/p>\n<ul>\n<li>rodonit \u2013 6 mm,<\/li>\n<li>drzewo sanda\u0142owe \u2013 6 mm i 8 mm (guru).<\/li>\n<\/ul>\n<p>D\u0142ugo\u015b\u0107 mali \u2013 82 cm + guru i chwost \u2013 7 cm.<\/p>\n","protected":false},"excerpt":{"rendered":"<p>Supe\u0142kowana mala z rodonitem i drewnem sanda\u0142owym oraz r\u00f3\u017cowym chwostem.<\/p>\n","protected":false},"featured_media":2172,"comment_status":"open","ping_status":"closed","template":"","meta":{"advanced_seo_description":"","jetpack_seo_html_title":"","jetpack_seo_noindex":false},"product_brand":[],"product_cat":[229],"product_tag":[65,779,822,821,774,823],"class_list":{"0":"post-2174","1":"product","2":"type-product","3":"status-publish","4":"has-post-thumbnail","6":"product_cat-sprzedane","7":"product_tag-chwost","8":"product_tag-drzewo-sandalowe","9":"product_tag-dlugi-naszyjnik-z-rodonitem","10":"product_tag-mala-z-rodonitem-i-drzewem-sandalowym","11":"product_tag-naszyjnik-z-chwostem","12":"product_tag-rodonit","14":"first","15":"outofstock","16":"shipping-taxable","17":"product-type-simple"},"jetpack_sharing_enabled":true,"_links":{"self":[{"href":"https:\/\/koraledetale.pl\/index.php?rest_route=\/wp\/v2\/product\/2174","targetHints":{"allow":["GET"]}}],"collection":[{"href":"https:\/\/koraledetale.pl\/index.php?rest_route=\/wp\/v2\/product"}],"about":[{"href":"https:\/\/koraledetale.pl\/index.php?rest_route=\/wp\/v2\/types\/product"}],"replies":[{"embeddable":true,"href":"https:\/\/koraledetale.pl\/index.php?rest_route=%2Fwp%2Fv2%2Fcomments&post=2174"}],"wp:featuredmedia":[{"embeddable":true,"href":"https:\/\/koraledetale.pl\/index.php?rest_route=\/wp\/v2\/media\/2172"}],"wp:attachment":[{"href":"https:\/\/koraledetale.pl\/index.php?rest_route=%2Fwp%2Fv2%2Fmedia&parent=2174"}],"wp:term":[{"taxonomy":"product_brand","embeddable":true,"href":"https:\/\/koraledetale.pl\/index.php?rest_route=%2Fwp%2Fv2%2Fproduct_brand&post=2174"},{"taxonomy":"product_cat","embeddable":true,"href":"https:\/\/koraledetale.pl\/index.php?rest_route=%2Fwp%2Fv2%2Fproduct_cat&post=2174"},{"taxonomy":"product_tag","embeddable":true,"href":"https:\/\/koraledetale.pl\/index.php?rest_route=%2Fwp%2Fv2%2Fproduct_tag&post=2174"}],"curies":[{"name":"wp","href":"https:\/\/api.w.org\/{rel}","templated":true}]}}