{"id":2161,"date":"2022-03-27T11:16:29","date_gmt":"2022-03-27T11:16:29","guid":{"rendered":"https:\/\/koraledetale.pl\/?post_type=product&#038;p=2161"},"modified":"2024-11-12T10:09:55","modified_gmt":"2024-11-12T10:09:55","slug":"mala-na-zmartwienia","status":"publish","type":"product","link":"https:\/\/koraledetale.pl\/?product=mala-na-zmartwienia","title":{"rendered":"Mala na zmartwienia"},"content":{"rendered":"<p>Wielko\u015b\u0107 kamieni:<\/p>\n<ul>\n<li>amazonit \u2013 8,5 mm i 10 mm (guru),<\/li>\n<li>drzewo sanda\u0142owe \u2013 8 mm.<\/li>\n<\/ul>\n<p>D\u0142ugo\u015b\u0107 mali \u2013 100 cm + guru i chwost \u2013 7 cm.<\/p>\n","protected":false},"excerpt":{"rendered":"<p>Supe\u0142kowana mala z amazonitem i drewnem sanda\u0142owym oraz b\u0142\u0119kitnym chwostem.<\/p>\n","protected":false},"featured_media":2163,"comment_status":"open","ping_status":"closed","template":"","meta":{"advanced_seo_description":"","jetpack_seo_html_title":"","jetpack_seo_noindex":false},"product_brand":[],"product_cat":[229],"product_tag":[820,819,772,774],"class_list":{"0":"post-2161","1":"product","2":"type-product","3":"status-publish","4":"has-post-thumbnail","6":"product_cat-sprzedane","7":"product_tag-dlugi-naszyjnik-a-amazonitem","8":"product_tag-mala-z-amazonitem-i-drzewem-sandalowych","9":"product_tag-naszyjnik-do-medytacji","10":"product_tag-naszyjnik-z-chwostem","12":"first","13":"outofstock","14":"shipping-taxable","15":"product-type-simple"},"jetpack_sharing_enabled":true,"_links":{"self":[{"href":"https:\/\/koraledetale.pl\/index.php?rest_route=\/wp\/v2\/product\/2161","targetHints":{"allow":["GET"]}}],"collection":[{"href":"https:\/\/koraledetale.pl\/index.php?rest_route=\/wp\/v2\/product"}],"about":[{"href":"https:\/\/koraledetale.pl\/index.php?rest_route=\/wp\/v2\/types\/product"}],"replies":[{"embeddable":true,"href":"https:\/\/koraledetale.pl\/index.php?rest_route=%2Fwp%2Fv2%2Fcomments&post=2161"}],"wp:featuredmedia":[{"embeddable":true,"href":"https:\/\/koraledetale.pl\/index.php?rest_route=\/wp\/v2\/media\/2163"}],"wp:attachment":[{"href":"https:\/\/koraledetale.pl\/index.php?rest_route=%2Fwp%2Fv2%2Fmedia&parent=2161"}],"wp:term":[{"taxonomy":"product_brand","embeddable":true,"href":"https:\/\/koraledetale.pl\/index.php?rest_route=%2Fwp%2Fv2%2Fproduct_brand&post=2161"},{"taxonomy":"product_cat","embeddable":true,"href":"https:\/\/koraledetale.pl\/index.php?rest_route=%2Fwp%2Fv2%2Fproduct_cat&post=2161"},{"taxonomy":"product_tag","embeddable":true,"href":"https:\/\/koraledetale.pl\/index.php?rest_route=%2Fwp%2Fv2%2Fproduct_tag&post=2161"}],"curies":[{"name":"wp","href":"https:\/\/api.w.org\/{rel}","templated":true}]}}