{"id":2139,"date":"2022-03-24T08:43:07","date_gmt":"2022-03-24T08:43:07","guid":{"rendered":"https:\/\/koraledetale.pl\/?post_type=product&#038;p=2139"},"modified":"2024-11-12T10:02:17","modified_gmt":"2024-11-12T10:02:17","slug":"kolczyki-apetyt-na-zycie-z-kareolem","status":"publish","type":"product","link":"https:\/\/koraledetale.pl\/?product=kolczyki-apetyt-na-zycie-z-kareolem","title":{"rendered":"Kolczyki APETYT NA \u017bYCIE z kareolem"},"content":{"rendered":"<p>Wielko\u015b\u0107 karneolu &#8211; 13&#215;6 mm.<\/p>\n<p>D\u0142ugo\u015b\u0107 kolczyk\u00f3w &#8211; 5,3 cm.<\/p>\n","protected":false},"excerpt":{"rendered":"<p>D\u0142ugie kolczyki z karneolem w kszta\u0142cie czterolistnej koniczyny, zawieszone na dekorze o podobnym kszta\u0142cie.<\/p>\n<p>Wszystkie elementy metalowe wykonane s\u0105 z nieuczulaj\u0105cej stali chirurgicznej (szlachetnej).<\/p>\n","protected":false},"featured_media":2146,"comment_status":"open","ping_status":"closed","template":"","meta":{"advanced_seo_description":"","jetpack_seo_html_title":"","jetpack_seo_noindex":false},"product_brand":[],"product_cat":[229],"product_tag":[815,751,814,107,108],"class_list":{"0":"post-2139","1":"product","2":"type-product","3":"status-publish","4":"has-post-thumbnail","6":"product_cat-sprzedane","7":"product_tag-dlugie-kolczyki-z-kamieniami-naturalnymi","8":"product_tag-karneol","9":"product_tag-kolczyki-z-karneolem","10":"product_tag-kolczyki-ze-stali-chirurgicznej","11":"product_tag-kolczyki-ze-stali-szlachetnej","13":"first","14":"outofstock","15":"shipping-taxable","16":"product-type-simple"},"jetpack_sharing_enabled":true,"_links":{"self":[{"href":"https:\/\/koraledetale.pl\/index.php?rest_route=\/wp\/v2\/product\/2139","targetHints":{"allow":["GET"]}}],"collection":[{"href":"https:\/\/koraledetale.pl\/index.php?rest_route=\/wp\/v2\/product"}],"about":[{"href":"https:\/\/koraledetale.pl\/index.php?rest_route=\/wp\/v2\/types\/product"}],"replies":[{"embeddable":true,"href":"https:\/\/koraledetale.pl\/index.php?rest_route=%2Fwp%2Fv2%2Fcomments&post=2139"}],"wp:featuredmedia":[{"embeddable":true,"href":"https:\/\/koraledetale.pl\/index.php?rest_route=\/wp\/v2\/media\/2146"}],"wp:attachment":[{"href":"https:\/\/koraledetale.pl\/index.php?rest_route=%2Fwp%2Fv2%2Fmedia&parent=2139"}],"wp:term":[{"taxonomy":"product_brand","embeddable":true,"href":"https:\/\/koraledetale.pl\/index.php?rest_route=%2Fwp%2Fv2%2Fproduct_brand&post=2139"},{"taxonomy":"product_cat","embeddable":true,"href":"https:\/\/koraledetale.pl\/index.php?rest_route=%2Fwp%2Fv2%2Fproduct_cat&post=2139"},{"taxonomy":"product_tag","embeddable":true,"href":"https:\/\/koraledetale.pl\/index.php?rest_route=%2Fwp%2Fv2%2Fproduct_tag&post=2139"}],"curies":[{"name":"wp","href":"https:\/\/api.w.org\/{rel}","templated":true}]}}