{"id":2129,"date":"2022-03-23T09:53:37","date_gmt":"2022-03-23T09:53:37","guid":{"rendered":"https:\/\/koraledetale.pl\/?post_type=product&#038;p=2129"},"modified":"2024-11-12T10:02:45","modified_gmt":"2024-11-12T10:02:45","slug":"naszyjnik-bezpieczenstwo-z-cytrynem","status":"publish","type":"product","link":"https:\/\/koraledetale.pl\/?product=naszyjnik-bezpieczenstwo-z-cytrynem","title":{"rendered":"Naszyjnik BEZPIECZENSTWO z cytrynem"},"content":{"rendered":"<p>Wielko\u015b\u0107 cytrynu &#8211; 18x12x5 mm.<\/p>\n<p>D\u0142ugo\u015b\u0107 naszyjnika: 43 &#8211; 48 cm + zawieszka 2,2 cm.<\/p>\n","protected":false},"excerpt":{"rendered":"<p>Minimalistyczny naszyjnik z niemal surow\u0105 (\u0142agodnie oszlifowan\u0105) \u0142ezk\u0105 cytrynu na jedwabnym, oliwkowym sznureczku. Zapi\u0119cie i okucie zawieszki wykonane s\u0105 ze stali chirurgicznej (szlachetnej).<\/p>\n","protected":false},"featured_media":2134,"comment_status":"open","ping_status":"closed","template":"","meta":{"advanced_seo_description":"","jetpack_seo_html_title":"","jetpack_seo_noindex":false},"product_brand":[],"product_cat":[229],"product_tag":[193,811,191,810],"class_list":{"0":"post-2129","1":"product","2":"type-product","3":"status-publish","4":"has-post-thumbnail","6":"product_cat-sprzedane","7":"product_tag-cytryn","8":"product_tag-jedwabny-naszyjnik","9":"product_tag-naszyjnik-z-cytrynem","10":"product_tag-lezka-cytrynu-na-jedwabiu","12":"first","13":"outofstock","14":"shipping-taxable","15":"product-type-simple"},"jetpack_sharing_enabled":true,"_links":{"self":[{"href":"https:\/\/koraledetale.pl\/index.php?rest_route=\/wp\/v2\/product\/2129","targetHints":{"allow":["GET"]}}],"collection":[{"href":"https:\/\/koraledetale.pl\/index.php?rest_route=\/wp\/v2\/product"}],"about":[{"href":"https:\/\/koraledetale.pl\/index.php?rest_route=\/wp\/v2\/types\/product"}],"replies":[{"embeddable":true,"href":"https:\/\/koraledetale.pl\/index.php?rest_route=%2Fwp%2Fv2%2Fcomments&post=2129"}],"wp:featuredmedia":[{"embeddable":true,"href":"https:\/\/koraledetale.pl\/index.php?rest_route=\/wp\/v2\/media\/2134"}],"wp:attachment":[{"href":"https:\/\/koraledetale.pl\/index.php?rest_route=%2Fwp%2Fv2%2Fmedia&parent=2129"}],"wp:term":[{"taxonomy":"product_brand","embeddable":true,"href":"https:\/\/koraledetale.pl\/index.php?rest_route=%2Fwp%2Fv2%2Fproduct_brand&post=2129"},{"taxonomy":"product_cat","embeddable":true,"href":"https:\/\/koraledetale.pl\/index.php?rest_route=%2Fwp%2Fv2%2Fproduct_cat&post=2129"},{"taxonomy":"product_tag","embeddable":true,"href":"https:\/\/koraledetale.pl\/index.php?rest_route=%2Fwp%2Fv2%2Fproduct_tag&post=2129"}],"curies":[{"name":"wp","href":"https:\/\/api.w.org\/{rel}","templated":true}]}}