{"id":2115,"date":"2022-03-20T11:32:56","date_gmt":"2022-03-20T11:32:56","guid":{"rendered":"https:\/\/koraledetale.pl\/?post_type=product&#038;p=2115"},"modified":"2024-11-12T10:03:14","modified_gmt":"2024-11-12T10:03:14","slug":"naszyjnik-neutralizator-z-krysztalem-gorskim","status":"publish","type":"product","link":"https:\/\/koraledetale.pl\/?product=naszyjnik-neutralizator-z-krysztalem-gorskim","title":{"rendered":"Naszyjnik NEUTRALIZATOR z kryszta\u0142em g\u00f3rskim"},"content":{"rendered":"<p>Wielko\u015b\u0107 kamienia g\u00f3rskiego \u2013 24&#215;7 mm.<\/p>\n<p>D\u0142ugo\u015b\u0107 naszyjnika: 45 cm + zawieszka 3 cm.<\/p>\n","protected":false},"excerpt":{"rendered":"<p>Minimalistyczny naszyjnik z surowym kryszta\u0142em g\u00f3rskim zawieszonym na jedwabnym, czarnym sznureczku.\u00a0 Wszystkie elementy metalowe wykonane s\u0105 z nieuczulaj\u0105cej\u00a0 stali chirurgicznej (szlachetnej).<\/p>\n","protected":false},"featured_media":2117,"comment_status":"open","ping_status":"closed","template":"","meta":{"advanced_seo_description":"","jetpack_seo_html_title":"","jetpack_seo_noindex":false},"product_brand":[],"product_cat":[229],"product_tag":[478,702,808,807],"class_list":{"0":"post-2115","1":"product","2":"type-product","3":"status-publish","4":"has-post-thumbnail","6":"product_cat-sprzedane","7":"product_tag-jedwab","8":"product_tag-krysztal-gorski","9":"product_tag-krysztal-gorski-na-jedwabiu","10":"product_tag-naszyjnik-z-krysztalem-gorskim","12":"first","13":"outofstock","14":"shipping-taxable","15":"product-type-simple"},"jetpack_sharing_enabled":true,"_links":{"self":[{"href":"https:\/\/koraledetale.pl\/index.php?rest_route=\/wp\/v2\/product\/2115","targetHints":{"allow":["GET"]}}],"collection":[{"href":"https:\/\/koraledetale.pl\/index.php?rest_route=\/wp\/v2\/product"}],"about":[{"href":"https:\/\/koraledetale.pl\/index.php?rest_route=\/wp\/v2\/types\/product"}],"replies":[{"embeddable":true,"href":"https:\/\/koraledetale.pl\/index.php?rest_route=%2Fwp%2Fv2%2Fcomments&post=2115"}],"wp:featuredmedia":[{"embeddable":true,"href":"https:\/\/koraledetale.pl\/index.php?rest_route=\/wp\/v2\/media\/2117"}],"wp:attachment":[{"href":"https:\/\/koraledetale.pl\/index.php?rest_route=%2Fwp%2Fv2%2Fmedia&parent=2115"}],"wp:term":[{"taxonomy":"product_brand","embeddable":true,"href":"https:\/\/koraledetale.pl\/index.php?rest_route=%2Fwp%2Fv2%2Fproduct_brand&post=2115"},{"taxonomy":"product_cat","embeddable":true,"href":"https:\/\/koraledetale.pl\/index.php?rest_route=%2Fwp%2Fv2%2Fproduct_cat&post=2115"},{"taxonomy":"product_tag","embeddable":true,"href":"https:\/\/koraledetale.pl\/index.php?rest_route=%2Fwp%2Fv2%2Fproduct_tag&post=2115"}],"curies":[{"name":"wp","href":"https:\/\/api.w.org\/{rel}","templated":true}]}}