{"id":2112,"date":"2022-03-19T09:38:36","date_gmt":"2022-03-19T09:38:36","guid":{"rendered":"https:\/\/koraledetale.pl\/?post_type=product&#038;p=2112"},"modified":"2024-11-12T10:03:31","modified_gmt":"2024-11-12T10:03:31","slug":"bransoletka-dobrobyt-z-roznymi-kamieniami","status":"publish","type":"product","link":"https:\/\/koraledetale.pl\/?product=bransoletka-dobrobyt-z-roznymi-kamieniami","title":{"rendered":"Bransoletka DOBROBYT z r\u00f3\u017cnymi kamieniami"},"content":{"rendered":"<p>Wielko\u015b\u0107 kamieni od 2 do 3 mm.<\/p>\n<p>D\u0142ugo\u015b\u0107 bransoletki: 15,5-19 cm<\/p>\n","protected":false},"excerpt":{"rendered":"<p>Bransoletka z miksem pastelowych kamieni: rubin\u00f3w, turmalin\u00f3w, opali, larimar\u00f3w, kwarc\u00f3w truskawkowych, apatyt\u00f3w, fosfosyderyt\u00f3w i z\u0142otych hematyt\u00f3w. Minera\u0142y zasupe\u0142kowane s\u0105 na mocnej, r\u00f3\u017cowej nici jubilerskiej. Bransoletka ma przed\u0142u\u017ck\u0119, dzi\u0119ki kt\u00f3rej dopasujesz j\u0105 do obwodu nadgarstka. Koniec przed\u0142u\u017cki zdobi filuterny chwo\u015bcik. Wszystkie elementy metalowe wykonane s\u0105 z nieuczulaj\u0105cej stali chirurgicznej (szlachetnej).<\/p>\n","protected":false},"featured_media":2113,"comment_status":"open","ping_status":"closed","template":"","meta":{"advanced_seo_description":"","jetpack_seo_html_title":"","jetpack_seo_noindex":false},"product_brand":[],"product_cat":[229],"product_tag":[92,804,241,58,488,806,117,805,87,31],"class_list":{"0":"post-2112","1":"product","2":"type-product","3":"status-publish","4":"has-post-thumbnail","6":"product_cat-sprzedane","7":"product_tag-apatyt","8":"product_tag-bransoletka-z-pastelowych-kamieni","9":"product_tag-fosfosyderyt","10":"product_tag-kwarc-truskawkowy","11":"product_tag-larimar","12":"product_tag-opal","13":"product_tag-rubin","14":"product_tag-supelkowa-bransoletka-z-kolorowych-kamieni","15":"product_tag-turmalin","16":"product_tag-zloty-hematyt","18":"first","19":"outofstock","20":"shipping-taxable","21":"product-type-simple"},"jetpack_sharing_enabled":true,"_links":{"self":[{"href":"https:\/\/koraledetale.pl\/index.php?rest_route=\/wp\/v2\/product\/2112","targetHints":{"allow":["GET"]}}],"collection":[{"href":"https:\/\/koraledetale.pl\/index.php?rest_route=\/wp\/v2\/product"}],"about":[{"href":"https:\/\/koraledetale.pl\/index.php?rest_route=\/wp\/v2\/types\/product"}],"replies":[{"embeddable":true,"href":"https:\/\/koraledetale.pl\/index.php?rest_route=%2Fwp%2Fv2%2Fcomments&post=2112"}],"wp:featuredmedia":[{"embeddable":true,"href":"https:\/\/koraledetale.pl\/index.php?rest_route=\/wp\/v2\/media\/2113"}],"wp:attachment":[{"href":"https:\/\/koraledetale.pl\/index.php?rest_route=%2Fwp%2Fv2%2Fmedia&parent=2112"}],"wp:term":[{"taxonomy":"product_brand","embeddable":true,"href":"https:\/\/koraledetale.pl\/index.php?rest_route=%2Fwp%2Fv2%2Fproduct_brand&post=2112"},{"taxonomy":"product_cat","embeddable":true,"href":"https:\/\/koraledetale.pl\/index.php?rest_route=%2Fwp%2Fv2%2Fproduct_cat&post=2112"},{"taxonomy":"product_tag","embeddable":true,"href":"https:\/\/koraledetale.pl\/index.php?rest_route=%2Fwp%2Fv2%2Fproduct_tag&post=2112"}],"curies":[{"name":"wp","href":"https:\/\/api.w.org\/{rel}","templated":true}]}}