{"id":2105,"date":"2022-03-18T09:01:51","date_gmt":"2022-03-18T09:01:51","guid":{"rendered":"https:\/\/koraledetale.pl\/?post_type=product&#038;p=2105"},"modified":"2024-11-12T10:03:42","modified_gmt":"2024-11-12T10:03:42","slug":"naszyjnik-radosc-z-kamieniem-slonecznym-kianitem-i-kwarcem","status":"publish","type":"product","link":"https:\/\/koraledetale.pl\/?product=naszyjnik-radosc-z-kamieniem-slonecznym-kianitem-i-kwarcem","title":{"rendered":"Naszyjnik RADO\u015a\u0106 z kamieniem s\u0142onecznym, kianitem i kwarcem"},"content":{"rendered":"<p>Wielko\u015b\u0107 kamieni:<\/p>\n<ul>\n<li>kamie\u0144 s\u0142oneczny &#8211; 16x12x6 mm,<\/li>\n<li>kwarc b\u0142\u0119kitny &#8211; 8&#215;8,8&#215;3,5 mm,<\/li>\n<li>kianit &#8211; 6,5&#215;6 mm,<\/li>\n<li>hematyt &#8211; 3&#215;1 mm i 2 mm.<\/li>\n<\/ul>\n<p>D\u0142ugo\u015b\u0107 naszyjnika: 85 cm + zawieszka 4 cm.<\/p>\n","protected":false},"excerpt":{"rendered":"<p>Owalny kamie\u0144 s\u0142oneczny i \u0142ezka b\u0142\u0119kitnego kwarcu na jedwabnym sznureczku o szaro-b\u0142\u0119kitnej barwie, z zawieszk\u0105 z kostki kianitu i z\u0142otych hematyt\u00f3w z boku naszyjnika. Zapi\u0119cie wykonane jest ze stali chirurgicznej (szlachetnej).<\/p>\n","protected":false},"featured_media":2108,"comment_status":"open","ping_status":"closed","template":"","meta":{"advanced_seo_description":"","jetpack_seo_html_title":"","jetpack_seo_noindex":false},"product_brand":[],"product_cat":[229],"product_tag":[476,456,94,323,207,31],"class_list":{"0":"post-2105","1":"product","2":"type-product","3":"status-publish","4":"has-post-thumbnail","6":"product_cat-sprzedane","7":"product_tag-dlugi-naszyjnik-na-jedwabiu","8":"product_tag-dlugi-naszyjnik-z-kamieniami-naturalnymi","9":"product_tag-kamien-sloneczny","10":"product_tag-kianit","11":"product_tag-kwarc-blekitny","12":"product_tag-zloty-hematyt","14":"first","15":"outofstock","16":"shipping-taxable","17":"product-type-simple"},"jetpack_sharing_enabled":true,"_links":{"self":[{"href":"https:\/\/koraledetale.pl\/index.php?rest_route=\/wp\/v2\/product\/2105","targetHints":{"allow":["GET"]}}],"collection":[{"href":"https:\/\/koraledetale.pl\/index.php?rest_route=\/wp\/v2\/product"}],"about":[{"href":"https:\/\/koraledetale.pl\/index.php?rest_route=\/wp\/v2\/types\/product"}],"replies":[{"embeddable":true,"href":"https:\/\/koraledetale.pl\/index.php?rest_route=%2Fwp%2Fv2%2Fcomments&post=2105"}],"wp:featuredmedia":[{"embeddable":true,"href":"https:\/\/koraledetale.pl\/index.php?rest_route=\/wp\/v2\/media\/2108"}],"wp:attachment":[{"href":"https:\/\/koraledetale.pl\/index.php?rest_route=%2Fwp%2Fv2%2Fmedia&parent=2105"}],"wp:term":[{"taxonomy":"product_brand","embeddable":true,"href":"https:\/\/koraledetale.pl\/index.php?rest_route=%2Fwp%2Fv2%2Fproduct_brand&post=2105"},{"taxonomy":"product_cat","embeddable":true,"href":"https:\/\/koraledetale.pl\/index.php?rest_route=%2Fwp%2Fv2%2Fproduct_cat&post=2105"},{"taxonomy":"product_tag","embeddable":true,"href":"https:\/\/koraledetale.pl\/index.php?rest_route=%2Fwp%2Fv2%2Fproduct_tag&post=2105"}],"curies":[{"name":"wp","href":"https:\/\/api.w.org\/{rel}","templated":true}]}}