{"id":2103,"date":"2022-03-16T17:43:12","date_gmt":"2022-03-16T17:43:12","guid":{"rendered":"https:\/\/koraledetale.pl\/?post_type=product&#038;p=2103"},"modified":"2024-11-12T10:03:58","modified_gmt":"2024-11-12T10:03:58","slug":"bransoletka-intuicja-z-chryzokola","status":"publish","type":"product","link":"https:\/\/koraledetale.pl\/?product=bransoletka-intuicja-z-chryzokola","title":{"rendered":"Bransoletka INTUICJA z chryzokol\u0105"},"content":{"rendered":"<p>Wielko\u015b\u0107 kamieni:<\/p>\n<ul>\n<li>chryzokola \u2013 2,8 mm,<\/li>\n<li>hematyt \u2013 2 mm.<\/li>\n<\/ul>\n<p>Wielko\u015b\u0107 zawieszek:<\/p>\n<ul>\n<li>gwiazdka \u2013 7&#215;7 mm,<\/li>\n<li>czerwona nitka \u2013 11 mm.<\/li>\n<\/ul>\n<p>D\u0142ugo\u015b\u0107 bransoletki: 15,7 &#8211; 18,3 cm.<\/p>\n","protected":false},"excerpt":{"rendered":"<p>Warstwowa bransoletka ze sznura chryzokoli zasupe\u0142kowanej na czerwonej nitce wraz ze z\u0142otymi hematytami oraz \u0142a\u0144cuszka. Bransoletka ma dwie zawieszki \u2013 gwiazdk\u0119 i\u00a0 czerwon\u0105 nitk\u0119 (dla ochrony i szcz\u0119\u015bcia). Wszystkie elementy metalowe wykonane s\u0105 z nieuczulaj\u0105cej stali chirurgicznej (szlachetnej).<\/p>\n","protected":false},"featured_media":2097,"comment_status":"open","ping_status":"closed","template":"","meta":{"advanced_seo_description":"","jetpack_seo_html_title":"","jetpack_seo_noindex":false},"product_brand":[],"product_cat":[229],"product_tag":[374,427,803,120,789,299,350,31],"class_list":{"0":"post-2103","1":"product","2":"type-product","3":"status-publish","4":"has-post-thumbnail","6":"product_cat-sprzedane","7":"product_tag-bransoletka-na-czerwonej-nitce","8":"product_tag-bransoletka-z-chryzokola","9":"product_tag-bransoletka-z-gwiazdka","10":"product_tag-chryzokola","11":"product_tag-gwiazdka","12":"product_tag-podwojna-bransoletka-z-drobnych-kamieni","13":"product_tag-podwojna-bransoletka-z-lancuszkiem","14":"product_tag-zloty-hematyt","16":"first","17":"outofstock","18":"shipping-taxable","19":"product-type-simple"},"jetpack_sharing_enabled":true,"_links":{"self":[{"href":"https:\/\/koraledetale.pl\/index.php?rest_route=\/wp\/v2\/product\/2103","targetHints":{"allow":["GET"]}}],"collection":[{"href":"https:\/\/koraledetale.pl\/index.php?rest_route=\/wp\/v2\/product"}],"about":[{"href":"https:\/\/koraledetale.pl\/index.php?rest_route=\/wp\/v2\/types\/product"}],"replies":[{"embeddable":true,"href":"https:\/\/koraledetale.pl\/index.php?rest_route=%2Fwp%2Fv2%2Fcomments&post=2103"}],"wp:featuredmedia":[{"embeddable":true,"href":"https:\/\/koraledetale.pl\/index.php?rest_route=\/wp\/v2\/media\/2097"}],"wp:attachment":[{"href":"https:\/\/koraledetale.pl\/index.php?rest_route=%2Fwp%2Fv2%2Fmedia&parent=2103"}],"wp:term":[{"taxonomy":"product_brand","embeddable":true,"href":"https:\/\/koraledetale.pl\/index.php?rest_route=%2Fwp%2Fv2%2Fproduct_brand&post=2103"},{"taxonomy":"product_cat","embeddable":true,"href":"https:\/\/koraledetale.pl\/index.php?rest_route=%2Fwp%2Fv2%2Fproduct_cat&post=2103"},{"taxonomy":"product_tag","embeddable":true,"href":"https:\/\/koraledetale.pl\/index.php?rest_route=%2Fwp%2Fv2%2Fproduct_tag&post=2103"}],"curies":[{"name":"wp","href":"https:\/\/api.w.org\/{rel}","templated":true}]}}