{"id":2076,"date":"2022-03-14T08:19:14","date_gmt":"2022-03-14T08:19:14","guid":{"rendered":"https:\/\/koraledetale.pl\/?post_type=product&#038;p=2076"},"modified":"2024-11-12T10:05:00","modified_gmt":"2024-11-12T10:05:00","slug":"kolczyki-cierpliwosc-z-awenturynem","status":"publish","type":"product","link":"https:\/\/koraledetale.pl\/?product=kolczyki-cierpliwosc-z-awenturynem","title":{"rendered":"Kolczyki CIERPLIWO\u015a\u0106 z awenturynem"},"content":{"rendered":"<p>Wielko\u015b\u0107 kamieni:<\/p>\n<ul>\n<li>awenturyn &#8211; 5&#215;2,5 mm,<\/li>\n<li>hematyt &#8211; 5&#215;2,5 mm.<\/li>\n<\/ul>\n<p>D\u0142ugo\u015b\u0107 kolczyk\u00f3w &#8211; 5,8 cm.<\/p>\n","protected":false},"excerpt":{"rendered":"<p>D\u0142ugie kolczyki z nieuczulaj\u0105cej stali chirurgicznej (szlachetnej) z awenturynami i hematytami.<\/p>\n","protected":false},"featured_media":2080,"comment_status":"open","ping_status":"closed","template":"","meta":{"advanced_seo_description":"","jetpack_seo_html_title":"","jetpack_seo_noindex":false},"product_brand":[],"product_cat":[229],"product_tag":[482,106,67,622,107,108],"class_list":{"0":"post-2076","1":"product","2":"type-product","3":"status-publish","4":"has-post-thumbnail","6":"product_cat-sprzedane","7":"product_tag-awenturyn","8":"product_tag-dlugie-kolczyki","9":"product_tag-hematyt","10":"product_tag-kolczyki-w-stylu-boho","11":"product_tag-kolczyki-ze-stali-chirurgicznej","12":"product_tag-kolczyki-ze-stali-szlachetnej","14":"first","15":"outofstock","16":"shipping-taxable","17":"product-type-simple"},"jetpack_sharing_enabled":true,"_links":{"self":[{"href":"https:\/\/koraledetale.pl\/index.php?rest_route=\/wp\/v2\/product\/2076","targetHints":{"allow":["GET"]}}],"collection":[{"href":"https:\/\/koraledetale.pl\/index.php?rest_route=\/wp\/v2\/product"}],"about":[{"href":"https:\/\/koraledetale.pl\/index.php?rest_route=\/wp\/v2\/types\/product"}],"replies":[{"embeddable":true,"href":"https:\/\/koraledetale.pl\/index.php?rest_route=%2Fwp%2Fv2%2Fcomments&post=2076"}],"wp:featuredmedia":[{"embeddable":true,"href":"https:\/\/koraledetale.pl\/index.php?rest_route=\/wp\/v2\/media\/2080"}],"wp:attachment":[{"href":"https:\/\/koraledetale.pl\/index.php?rest_route=%2Fwp%2Fv2%2Fmedia&parent=2076"}],"wp:term":[{"taxonomy":"product_brand","embeddable":true,"href":"https:\/\/koraledetale.pl\/index.php?rest_route=%2Fwp%2Fv2%2Fproduct_brand&post=2076"},{"taxonomy":"product_cat","embeddable":true,"href":"https:\/\/koraledetale.pl\/index.php?rest_route=%2Fwp%2Fv2%2Fproduct_cat&post=2076"},{"taxonomy":"product_tag","embeddable":true,"href":"https:\/\/koraledetale.pl\/index.php?rest_route=%2Fwp%2Fv2%2Fproduct_tag&post=2076"}],"curies":[{"name":"wp","href":"https:\/\/api.w.org\/{rel}","templated":true}]}}