{"id":2074,"date":"2022-03-12T14:19:02","date_gmt":"2022-03-12T14:19:02","guid":{"rendered":"https:\/\/koraledetale.pl\/?post_type=product&#038;p=2074"},"modified":"2024-11-12T10:05:08","modified_gmt":"2024-11-12T10:05:08","slug":"bransoletka-wiara-w-siebie-z-hematytow","status":"publish","type":"product","link":"https:\/\/koraledetale.pl\/?product=bransoletka-wiara-w-siebie-z-hematytow","title":{"rendered":"Pier\u015bcionek WIARA W SIEBIE z hematyt\u00f3w"},"content":{"rendered":"<p>Wielko\u015b\u0107 kamieni:<\/p>\n<ul>\n<li>hematyt grafitowy &#8211; 3 mm,<\/li>\n<li>hematyt gwiazdka &#8211; 9&#215;2,5 mm.<\/li>\n<\/ul>\n<p>Rozmiar pier\u015bcionka: 16-17 cm. Mo\u017cliwe jest zam\u00f3wienie pier\u015bcionka w innym rozmiarze \u2013 napisz w uwagach do zam\u00f3wienia jaki rozmiar Ci\u0119 interesuje.<\/p>\n","protected":false},"excerpt":{"rendered":"<p>Elastyczny pier\u015bcionek z fasetowanych, grafitowych hematyt\u00f3w z wplecion\u0105 z\u0142ot\u0105 hematytow\u0105 gwiazdk\u0105.<\/p>\n","protected":false},"featured_media":2075,"comment_status":"open","ping_status":"closed","template":"","meta":{"advanced_seo_description":"","jetpack_seo_html_title":"","jetpack_seo_noindex":false},"product_brand":[],"product_cat":[229],"product_tag":[314,50,563,798,585],"class_list":{"0":"post-2074","1":"product","2":"type-product","3":"status-publish","4":"has-post-thumbnail","6":"product_cat-sprzedane","7":"product_tag-elastyczny-pierscionek-z-kamieniami-naturalnymi","8":"product_tag-pierscionek-elastyczny","9":"product_tag-pierscionek-na-gumce","10":"product_tag-pierscionek-z-gwaizdka","11":"product_tag-pierscionek-z-hematytami","13":"first","14":"outofstock","15":"shipping-taxable","16":"product-type-simple"},"jetpack_sharing_enabled":true,"_links":{"self":[{"href":"https:\/\/koraledetale.pl\/index.php?rest_route=\/wp\/v2\/product\/2074","targetHints":{"allow":["GET"]}}],"collection":[{"href":"https:\/\/koraledetale.pl\/index.php?rest_route=\/wp\/v2\/product"}],"about":[{"href":"https:\/\/koraledetale.pl\/index.php?rest_route=\/wp\/v2\/types\/product"}],"replies":[{"embeddable":true,"href":"https:\/\/koraledetale.pl\/index.php?rest_route=%2Fwp%2Fv2%2Fcomments&post=2074"}],"wp:featuredmedia":[{"embeddable":true,"href":"https:\/\/koraledetale.pl\/index.php?rest_route=\/wp\/v2\/media\/2075"}],"wp:attachment":[{"href":"https:\/\/koraledetale.pl\/index.php?rest_route=%2Fwp%2Fv2%2Fmedia&parent=2074"}],"wp:term":[{"taxonomy":"product_brand","embeddable":true,"href":"https:\/\/koraledetale.pl\/index.php?rest_route=%2Fwp%2Fv2%2Fproduct_brand&post=2074"},{"taxonomy":"product_cat","embeddable":true,"href":"https:\/\/koraledetale.pl\/index.php?rest_route=%2Fwp%2Fv2%2Fproduct_cat&post=2074"},{"taxonomy":"product_tag","embeddable":true,"href":"https:\/\/koraledetale.pl\/index.php?rest_route=%2Fwp%2Fv2%2Fproduct_tag&post=2074"}],"curies":[{"name":"wp","href":"https:\/\/api.w.org\/{rel}","templated":true}]}}