{"id":2069,"date":"2022-03-12T14:12:30","date_gmt":"2022-03-12T14:12:30","guid":{"rendered":"https:\/\/koraledetale.pl\/?post_type=product&#038;p=2069"},"modified":"2024-11-12T10:05:22","modified_gmt":"2024-11-12T10:05:22","slug":"bransoletka-wiara-w-siebie-z-hematyow","status":"publish","type":"product","link":"https:\/\/koraledetale.pl\/?product=bransoletka-wiara-w-siebie-z-hematyow","title":{"rendered":"Bransoletka WIARA W SIEBIE z hematyt\u00f3w"},"content":{"rendered":"<p>Wielko\u015b\u0107 kamieni:<\/p>\n<ul>\n<li>hematyt grafitowy &#8211; 3 mm,<\/li>\n<li>hematyt gwiazdka &#8211; 9&#215;2,5 mm,<\/li>\n<li>agat &#8211; 3,5&#215;3 mm.<\/li>\n<\/ul>\n<p>D\u0142ugo\u015b\u0107 bransoletki &#8211; 18 cm. Mo\u017cliwe jest wykonanie bransoletki na dowolny obw\u00f3d. Napisz w uwagach do zam\u00f3wienia jaki obw\u00f3d Ci\u0119 interesuje.<\/p>\n","protected":false},"excerpt":{"rendered":"<p>Bransoletka na gumce z fasetowanych, grafitowych hematyt\u00f3w z wplecion\u0105 z\u0142ot\u0105 hematytow\u0105 gwiazdk\u0105 i zawieszk\u0105 &#8211; gwiazdk\u0105 oraz zielonym agatem. Zawieszka wykonana jest z nieuczulaj\u0105cej stali chirurgicznej &#8211; szlachetnej.<\/p>\n","protected":false},"featured_media":2073,"comment_status":"open","ping_status":"closed","template":"","meta":{"advanced_seo_description":"","jetpack_seo_html_title":"","jetpack_seo_noindex":false},"product_brand":[],"product_cat":[229],"product_tag":[127,786,533,789,67,797],"class_list":{"0":"post-2069","1":"product","2":"type-product","3":"status-publish","4":"has-post-thumbnail","6":"product_cat-sprzedane","7":"product_tag-agat","8":"product_tag-bransoletka-na-gumce","9":"product_tag-bransoletka-z-hematytami","10":"product_tag-gwiazdka","11":"product_tag-hematyt","12":"product_tag-zielony","14":"first","15":"outofstock","16":"shipping-taxable","17":"product-type-simple"},"jetpack_sharing_enabled":true,"_links":{"self":[{"href":"https:\/\/koraledetale.pl\/index.php?rest_route=\/wp\/v2\/product\/2069","targetHints":{"allow":["GET"]}}],"collection":[{"href":"https:\/\/koraledetale.pl\/index.php?rest_route=\/wp\/v2\/product"}],"about":[{"href":"https:\/\/koraledetale.pl\/index.php?rest_route=\/wp\/v2\/types\/product"}],"replies":[{"embeddable":true,"href":"https:\/\/koraledetale.pl\/index.php?rest_route=%2Fwp%2Fv2%2Fcomments&post=2069"}],"wp:featuredmedia":[{"embeddable":true,"href":"https:\/\/koraledetale.pl\/index.php?rest_route=\/wp\/v2\/media\/2073"}],"wp:attachment":[{"href":"https:\/\/koraledetale.pl\/index.php?rest_route=%2Fwp%2Fv2%2Fmedia&parent=2069"}],"wp:term":[{"taxonomy":"product_brand","embeddable":true,"href":"https:\/\/koraledetale.pl\/index.php?rest_route=%2Fwp%2Fv2%2Fproduct_brand&post=2069"},{"taxonomy":"product_cat","embeddable":true,"href":"https:\/\/koraledetale.pl\/index.php?rest_route=%2Fwp%2Fv2%2Fproduct_cat&post=2069"},{"taxonomy":"product_tag","embeddable":true,"href":"https:\/\/koraledetale.pl\/index.php?rest_route=%2Fwp%2Fv2%2Fproduct_tag&post=2069"}],"curies":[{"name":"wp","href":"https:\/\/api.w.org\/{rel}","templated":true}]}}