{"id":2068,"date":"2022-03-11T09:38:12","date_gmt":"2022-03-11T09:38:12","guid":{"rendered":"https:\/\/koraledetale.pl\/?post_type=product&#038;p=2068"},"modified":"2024-11-12T10:05:34","modified_gmt":"2024-11-12T10:05:34","slug":"bransoletka-koncentracja-z-malachitem-lapis-lazuri-i-chryzokola","status":"publish","type":"product","link":"https:\/\/koraledetale.pl\/?product=bransoletka-koncentracja-z-malachitem-lapis-lazuri-i-chryzokola","title":{"rendered":"Bransoletka KONCENTRACJA z malachitem, lapis lazuri i chryzokol\u0105"},"content":{"rendered":"<p>Wielko\u015b\u0107 kamieni:<\/p>\n<ul>\n<li>malachit \u2013 2 mm,<\/li>\n<li>lapis lazuri \u2013 2 mm,<\/li>\n<li>chryzokola \u2013 2 mm,<\/li>\n<li>hematyt \u2013 2 mm.<\/li>\n<\/ul>\n<p>D\u0142ugo\u015b\u0107 bransoletki: 16,5-19,5 cm.<\/p>\n","protected":false},"excerpt":{"rendered":"<p>Podw\u00f3jna bransoletka ze sznurem drobnych kamieni naturalnych (malachit\u00f3w, lapis lazuri,\u00a0 chryzokoli i z\u0142otych hematyt\u00f3w) oraz \u0142a\u0144cuszka z kuleczkami, z zawieszk\u0105 \u2013 rozgwiazd\u0105. Kamienie zasupe\u0142kowane s\u0105 na czerwonej, mocnej nici jubilerskiej. Wszystkie elementy metalowe wykonane s\u0105 z nieuczulaj\u0105cej stali chirurgicznej (szlachetnej).<\/p>\n","protected":false},"featured_media":2056,"comment_status":"open","ping_status":"closed","template":"","meta":{"advanced_seo_description":"","jetpack_seo_html_title":"","jetpack_seo_noindex":false},"product_brand":[],"product_cat":[229],"product_tag":[133,179,120,81,158,103,796,72,31],"class_list":{"0":"post-2068","1":"product","2":"type-product","3":"status-publish","4":"has-post-thumbnail","6":"product_cat-sprzedane","7":"product_tag-bransoletka-z-kamieni-naturalnych","8":"product_tag-bransoletka-z-lancuszkiem","9":"product_tag-chryzokola","10":"product_tag-lapis-lazuri","11":"product_tag-malachit","12":"product_tag-podwojna-bransoletka","13":"product_tag-rozgwiazda","14":"product_tag-zawieszka","15":"product_tag-zloty-hematyt","17":"first","18":"outofstock","19":"shipping-taxable","20":"product-type-simple"},"jetpack_sharing_enabled":true,"_links":{"self":[{"href":"https:\/\/koraledetale.pl\/index.php?rest_route=\/wp\/v2\/product\/2068","targetHints":{"allow":["GET"]}}],"collection":[{"href":"https:\/\/koraledetale.pl\/index.php?rest_route=\/wp\/v2\/product"}],"about":[{"href":"https:\/\/koraledetale.pl\/index.php?rest_route=\/wp\/v2\/types\/product"}],"replies":[{"embeddable":true,"href":"https:\/\/koraledetale.pl\/index.php?rest_route=%2Fwp%2Fv2%2Fcomments&post=2068"}],"wp:featuredmedia":[{"embeddable":true,"href":"https:\/\/koraledetale.pl\/index.php?rest_route=\/wp\/v2\/media\/2056"}],"wp:attachment":[{"href":"https:\/\/koraledetale.pl\/index.php?rest_route=%2Fwp%2Fv2%2Fmedia&parent=2068"}],"wp:term":[{"taxonomy":"product_brand","embeddable":true,"href":"https:\/\/koraledetale.pl\/index.php?rest_route=%2Fwp%2Fv2%2Fproduct_brand&post=2068"},{"taxonomy":"product_cat","embeddable":true,"href":"https:\/\/koraledetale.pl\/index.php?rest_route=%2Fwp%2Fv2%2Fproduct_cat&post=2068"},{"taxonomy":"product_tag","embeddable":true,"href":"https:\/\/koraledetale.pl\/index.php?rest_route=%2Fwp%2Fv2%2Fproduct_tag&post=2068"}],"curies":[{"name":"wp","href":"https:\/\/api.w.org\/{rel}","templated":true}]}}