{"id":2055,"date":"2022-03-11T09:32:01","date_gmt":"2022-03-11T09:32:01","guid":{"rendered":"https:\/\/koraledetale.pl\/?post_type=product&#038;p=2055"},"modified":"2024-11-12T10:05:41","modified_gmt":"2024-11-12T10:05:41","slug":"naszyjnik-koncentracja-z-malachitem-lapis-lazuri-i-chryzokola","status":"publish","type":"product","link":"https:\/\/koraledetale.pl\/?product=naszyjnik-koncentracja-z-malachitem-lapis-lazuri-i-chryzokola","title":{"rendered":"Naszyjnik KONCENTRACJA z malachitem, lapis lazuri i chryzokol\u0105"},"content":{"rendered":"<p>Wielko\u015b\u0107 kamieni:<\/p>\n<ul>\n<li>malachit &#8211; 2 mm,<\/li>\n<li>lapis lazuri &#8211; 2 mm,<\/li>\n<li>chryzokola &#8211; 2 mm,<\/li>\n<li>hematyt &#8211; 2 mm.<\/li>\n<\/ul>\n<p>D\u0142ugo\u015b\u0107 naszyjnika: 40-45 cm + zawieszka 2 cm.<\/p>\n","protected":false},"excerpt":{"rendered":"<p>Podw\u00f3jny naszyjnik ze sznurem drobnych kamieni naturalnych (malachit\u00f3w, lapis lazuri,\u00a0 chryzokoli i z\u0142otych hematyt\u00f3w) oraz \u0142a\u0144cuszka z kuleczkami, zwie\u0144czony zawieszk\u0105 &#8211; rozgwiazd\u0105. Kamienie zasupe\u0142kowane s\u0105 na czerwonej, mocnej nici jubilerskiej. Wszystkie elementy metalowe wykonane s\u0105 z nieuczulaj\u0105cej stali chirurgicznej (szlachetnej).<\/p>\n","protected":false},"featured_media":2064,"comment_status":"open","ping_status":"closed","template":"","meta":{"advanced_seo_description":"","jetpack_seo_html_title":"","jetpack_seo_noindex":false},"product_brand":[],"product_cat":[229],"product_tag":[120,48,81,158,794,793,792,795,796,72,142],"class_list":{"0":"post-2055","1":"product","2":"type-product","3":"status-publish","4":"has-post-thumbnail","6":"product_cat-sprzedane","7":"product_tag-chryzokola","8":"product_tag-kamienie-naturalne","9":"product_tag-lapis-lazuri","10":"product_tag-malachit","11":"product_tag-naszyjnik-z-chryzokola-z","12":"product_tag-naszyjnik-z-lapis-lazuri","13":"product_tag-naszyjnik-z-malachitem","14":"product_tag-podwojny-naszyjnik-z-naturalnymi-kamieniami","15":"product_tag-rozgwiazda","16":"product_tag-zawieszka","17":"product_tag-lancuszek","19":"first","20":"outofstock","21":"shipping-taxable","22":"product-type-simple"},"jetpack_sharing_enabled":true,"_links":{"self":[{"href":"https:\/\/koraledetale.pl\/index.php?rest_route=\/wp\/v2\/product\/2055","targetHints":{"allow":["GET"]}}],"collection":[{"href":"https:\/\/koraledetale.pl\/index.php?rest_route=\/wp\/v2\/product"}],"about":[{"href":"https:\/\/koraledetale.pl\/index.php?rest_route=\/wp\/v2\/types\/product"}],"replies":[{"embeddable":true,"href":"https:\/\/koraledetale.pl\/index.php?rest_route=%2Fwp%2Fv2%2Fcomments&post=2055"}],"wp:featuredmedia":[{"embeddable":true,"href":"https:\/\/koraledetale.pl\/index.php?rest_route=\/wp\/v2\/media\/2064"}],"wp:attachment":[{"href":"https:\/\/koraledetale.pl\/index.php?rest_route=%2Fwp%2Fv2%2Fmedia&parent=2055"}],"wp:term":[{"taxonomy":"product_brand","embeddable":true,"href":"https:\/\/koraledetale.pl\/index.php?rest_route=%2Fwp%2Fv2%2Fproduct_brand&post=2055"},{"taxonomy":"product_cat","embeddable":true,"href":"https:\/\/koraledetale.pl\/index.php?rest_route=%2Fwp%2Fv2%2Fproduct_cat&post=2055"},{"taxonomy":"product_tag","embeddable":true,"href":"https:\/\/koraledetale.pl\/index.php?rest_route=%2Fwp%2Fv2%2Fproduct_tag&post=2055"}],"curies":[{"name":"wp","href":"https:\/\/api.w.org\/{rel}","templated":true}]}}