{"id":2049,"date":"2022-03-10T08:25:54","date_gmt":"2022-03-10T08:25:54","guid":{"rendered":"https:\/\/koraledetale.pl\/?post_type=product&#038;p=2049"},"modified":"2024-11-12T09:58:08","modified_gmt":"2024-11-12T09:58:08","slug":"naszyjnik-optymizm-z-amazonitem-i-chalcedonem","status":"publish","type":"product","link":"https:\/\/koraledetale.pl\/?product=naszyjnik-optymizm-z-amazonitem-i-chalcedonem","title":{"rendered":"Naszyjnik OPTYMIZM z amazonitem i chalcedonem"},"content":{"rendered":"<p>Wielko\u015b\u0107 kamieni:<\/p>\n<ul>\n<li>amazonit &#8211; 3 mm,<\/li>\n<li>chalcedon &#8211; 20&#215;13,5&#215;6 mm,<\/li>\n<li>hematyt &#8211; 3,5&#215;2 mm i 2 mm.<\/li>\n<\/ul>\n<p>D\u0142ugo\u015b\u0107 naszyjnika: 50-55 cm + zawieszka &#8211; 2,3 cm.<\/p>\n","protected":false},"excerpt":{"rendered":"<p>Naszyjnik z amazonit\u00f3w przeplatanych z\u0142otymi hematytami, z zawieszk\u0105 &#8211; sierpem ksi\u0119\u017cyca z chalcedonu ze z\u0142oconym okuciem. Zapi\u0119cie wykonane jest z nieuczulaj\u0105cej stali chirurgicznej (szlachetnej).<\/p>\n","protected":false},"featured_media":2050,"comment_status":"open","ping_status":"closed","template":"","meta":{"advanced_seo_description":"","jetpack_seo_html_title":"","jetpack_seo_noindex":false},"product_brand":[],"product_cat":[229],"product_tag":[501,790,791,435,72,31],"class_list":{"0":"post-2049","1":"product","2":"type-product","3":"status-publish","4":"has-post-thumbnail","6":"product_cat-sprzedane","7":"product_tag-ksiezyc","8":"product_tag-naszyjnik-z-amazonitow","9":"product_tag-naszyjnik-z-chalcedonem","10":"product_tag-naszyjnik-z-naturalnymi-kamieniami","11":"product_tag-zawieszka","12":"product_tag-zloty-hematyt","14":"first","15":"outofstock","16":"shipping-taxable","17":"product-type-simple"},"jetpack_sharing_enabled":true,"_links":{"self":[{"href":"https:\/\/koraledetale.pl\/index.php?rest_route=\/wp\/v2\/product\/2049","targetHints":{"allow":["GET"]}}],"collection":[{"href":"https:\/\/koraledetale.pl\/index.php?rest_route=\/wp\/v2\/product"}],"about":[{"href":"https:\/\/koraledetale.pl\/index.php?rest_route=\/wp\/v2\/types\/product"}],"replies":[{"embeddable":true,"href":"https:\/\/koraledetale.pl\/index.php?rest_route=%2Fwp%2Fv2%2Fcomments&post=2049"}],"wp:featuredmedia":[{"embeddable":true,"href":"https:\/\/koraledetale.pl\/index.php?rest_route=\/wp\/v2\/media\/2050"}],"wp:attachment":[{"href":"https:\/\/koraledetale.pl\/index.php?rest_route=%2Fwp%2Fv2%2Fmedia&parent=2049"}],"wp:term":[{"taxonomy":"product_brand","embeddable":true,"href":"https:\/\/koraledetale.pl\/index.php?rest_route=%2Fwp%2Fv2%2Fproduct_brand&post=2049"},{"taxonomy":"product_cat","embeddable":true,"href":"https:\/\/koraledetale.pl\/index.php?rest_route=%2Fwp%2Fv2%2Fproduct_cat&post=2049"},{"taxonomy":"product_tag","embeddable":true,"href":"https:\/\/koraledetale.pl\/index.php?rest_route=%2Fwp%2Fv2%2Fproduct_tag&post=2049"}],"curies":[{"name":"wp","href":"https:\/\/api.w.org\/{rel}","templated":true}]}}