{"id":2033,"date":"2022-03-06T10:08:21","date_gmt":"2022-03-06T10:08:21","guid":{"rendered":"https:\/\/koraledetale.pl\/?post_type=product&#038;p=2033"},"modified":"2024-11-12T09:58:40","modified_gmt":"2024-11-12T09:58:40","slug":"bransoletka-budda-z-lawa-i-koralem","status":"publish","type":"product","link":"https:\/\/koraledetale.pl\/?product=bransoletka-budda-z-lawa-i-koralem","title":{"rendered":"Bransoletka BUDDA z law\u0105 i koralem"},"content":{"rendered":"<p>Wielko\u015b\u0107 kamieni:<\/p>\n<ul>\n<li>lawa\u2013 4,5 mm,<\/li>\n<li>hematyt grafitowy \u2013 4 mm,<\/li>\n<li>hematyt z\u0142oty \u2013 3\u00d71 mm,<\/li>\n<li>hematyt Budda \u2013 8,5x7x4 mm,<\/li>\n<li>koral \u2013 5\u00d73 mm.<\/li>\n<\/ul>\n<p>D\u0142ugo\u015b\u0107 bransoletki \u2013 17 cm. Mo\u017cliwe jest wykonanie bransoletki na dowolny obw\u00f3d. Napisz w uwagach do zam\u00f3wienia jaki obw\u00f3d Ci\u0119 interesuje.<\/p>\n","protected":false},"excerpt":{"rendered":"<p>Bransoletka na gumce z prasowanej lawy wulkanicznej, przeplatana grafitowymi i z\u0142otymi hematytami oraz wa\u0142eczkami koralu, z hematytowym Budd\u0105 w centrum.<\/p>\n","protected":false},"featured_media":2029,"comment_status":"open","ping_status":"closed","template":"","meta":{"advanced_seo_description":"","jetpack_seo_html_title":"","jetpack_seo_noindex":false},"product_brand":[],"product_cat":[229],"product_tag":[786,784,787,788,82,31],"class_list":{"0":"post-2033","1":"product","2":"type-product","3":"status-publish","4":"has-post-thumbnail","6":"product_cat-sprzedane","7":"product_tag-bransoletka-na-gumce","8":"product_tag-bransoletka-z-budda","9":"product_tag-bransoletka-z-lawa","10":"product_tag-budda","11":"product_tag-koral","12":"product_tag-zloty-hematyt","14":"first","15":"outofstock","16":"shipping-taxable","17":"product-type-simple"},"jetpack_sharing_enabled":true,"_links":{"self":[{"href":"https:\/\/koraledetale.pl\/index.php?rest_route=\/wp\/v2\/product\/2033","targetHints":{"allow":["GET"]}}],"collection":[{"href":"https:\/\/koraledetale.pl\/index.php?rest_route=\/wp\/v2\/product"}],"about":[{"href":"https:\/\/koraledetale.pl\/index.php?rest_route=\/wp\/v2\/types\/product"}],"replies":[{"embeddable":true,"href":"https:\/\/koraledetale.pl\/index.php?rest_route=%2Fwp%2Fv2%2Fcomments&post=2033"}],"wp:featuredmedia":[{"embeddable":true,"href":"https:\/\/koraledetale.pl\/index.php?rest_route=\/wp\/v2\/media\/2029"}],"wp:attachment":[{"href":"https:\/\/koraledetale.pl\/index.php?rest_route=%2Fwp%2Fv2%2Fmedia&parent=2033"}],"wp:term":[{"taxonomy":"product_brand","embeddable":true,"href":"https:\/\/koraledetale.pl\/index.php?rest_route=%2Fwp%2Fv2%2Fproduct_brand&post=2033"},{"taxonomy":"product_cat","embeddable":true,"href":"https:\/\/koraledetale.pl\/index.php?rest_route=%2Fwp%2Fv2%2Fproduct_cat&post=2033"},{"taxonomy":"product_tag","embeddable":true,"href":"https:\/\/koraledetale.pl\/index.php?rest_route=%2Fwp%2Fv2%2Fproduct_tag&post=2033"}],"curies":[{"name":"wp","href":"https:\/\/api.w.org\/{rel}","templated":true}]}}