{"id":2028,"date":"2022-03-06T10:02:00","date_gmt":"2022-03-06T10:02:00","guid":{"rendered":"https:\/\/koraledetale.pl\/?post_type=product&#038;p=2028"},"modified":"2022-03-06T10:08:47","modified_gmt":"2022-03-06T10:08:47","slug":"bransoletka-budda-z-szarymi-hematytami","status":"publish","type":"product","link":"https:\/\/koraledetale.pl\/?product=bransoletka-budda-z-szarymi-hematytami","title":{"rendered":"Bransoletka BUDDA z szarymi hematytami"},"content":{"rendered":"<p>Wielko\u015b\u0107 kamieni:<\/p>\n<ul>\n<li>hematyt szary &#8211; 4,5 mm,<\/li>\n<li>hematyt grafitowy &#8211; 4 mm,<\/li>\n<li>hematyt srebrny &#8211; 3&#215;2 mm,<\/li>\n<li>hematyt Budda &#8211; 8,5x7x4 mm,<\/li>\n<li>koral &#8211; 5&#215;3 mm.<\/li>\n<\/ul>\n<p>D\u0142ugo\u015b\u0107 bransoletki &#8211; 17 cm. Mo\u017cliwe jest wykonanie bransoletki na dowolny obw\u00f3d. Napisz w uwagach do zam\u00f3wienia jaka d\u0142ugo\u015b\u0107 Ci\u0119 interesuje.<\/p>\n","protected":false},"excerpt":{"rendered":"<p>Bransoletka na gumce z szarych, matowych hematyt\u00f3w, przeplatana grafitowymi i srebrnymi hematytami oraz wa\u0142eczkami koralu, z hematytowym Budd\u0105 w centrum.<\/p>\n","protected":false},"featured_media":2030,"comment_status":"open","ping_status":"closed","template":"","meta":{"advanced_seo_description":"","jetpack_seo_html_title":"","jetpack_seo_noindex":false},"product_brand":[],"product_cat":[17],"product_tag":[786,784,153,82,26,785],"class_list":{"0":"post-2028","1":"product","2":"type-product","3":"status-publish","4":"has-post-thumbnail","6":"product_cat-bransoletki","7":"product_tag-bransoletka-na-gumce","8":"product_tag-bransoletka-z-budda","9":"product_tag-bransoletka-z-hematytow","10":"product_tag-koral","11":"product_tag-srebrny-hematyt","12":"product_tag-szary-hematyt","14":"first","15":"instock","16":"shipping-taxable","17":"purchasable","18":"product-type-simple"},"jetpack_sharing_enabled":true,"_links":{"self":[{"href":"https:\/\/koraledetale.pl\/index.php?rest_route=\/wp\/v2\/product\/2028","targetHints":{"allow":["GET"]}}],"collection":[{"href":"https:\/\/koraledetale.pl\/index.php?rest_route=\/wp\/v2\/product"}],"about":[{"href":"https:\/\/koraledetale.pl\/index.php?rest_route=\/wp\/v2\/types\/product"}],"replies":[{"embeddable":true,"href":"https:\/\/koraledetale.pl\/index.php?rest_route=%2Fwp%2Fv2%2Fcomments&post=2028"}],"wp:featuredmedia":[{"embeddable":true,"href":"https:\/\/koraledetale.pl\/index.php?rest_route=\/wp\/v2\/media\/2030"}],"wp:attachment":[{"href":"https:\/\/koraledetale.pl\/index.php?rest_route=%2Fwp%2Fv2%2Fmedia&parent=2028"}],"wp:term":[{"taxonomy":"product_brand","embeddable":true,"href":"https:\/\/koraledetale.pl\/index.php?rest_route=%2Fwp%2Fv2%2Fproduct_brand&post=2028"},{"taxonomy":"product_cat","embeddable":true,"href":"https:\/\/koraledetale.pl\/index.php?rest_route=%2Fwp%2Fv2%2Fproduct_cat&post=2028"},{"taxonomy":"product_tag","embeddable":true,"href":"https:\/\/koraledetale.pl\/index.php?rest_route=%2Fwp%2Fv2%2Fproduct_tag&post=2028"}],"curies":[{"name":"wp","href":"https:\/\/api.w.org\/{rel}","templated":true}]}}