{"id":2018,"date":"2022-03-02T08:25:43","date_gmt":"2022-03-02T08:25:43","guid":{"rendered":"https:\/\/koraledetale.pl\/?post_type=product&#038;p=2018"},"modified":"2024-11-12T09:58:48","modified_gmt":"2024-11-12T09:58:48","slug":"mala-na-witalnosc","status":"publish","type":"product","link":"https:\/\/koraledetale.pl\/?product=mala-na-witalnosc","title":{"rendered":"Mala na witalno\u015b\u0107"},"content":{"rendered":"<p>Wielko\u015b\u0107 kamieni:<\/p>\n<ul>\n<li>jaspis \u2013 6 mm,<\/li>\n<li>turkus &#8211; 8 mm,<\/li>\n<li>drzewo sanda\u0142owe &#8211; 6 mm.<\/li>\n<\/ul>\n<p>D\u0142ugo\u015b\u0107 mali \u2013 82 cm + guru i chwost \u2013 6,5 cm.<\/p>\n","protected":false},"excerpt":{"rendered":"<p>Mala z jaspisami przeplatanymi drzewem sanda\u0142owym, z turkusowym guru i bawe\u0142nianym chwostem.<\/p>\n","protected":false},"featured_media":2019,"comment_status":"open","ping_status":"closed","template":"","meta":{"advanced_seo_description":"","jetpack_seo_html_title":"","jetpack_seo_noindex":false},"product_brand":[],"product_cat":[229],"product_tag":[65,779,724,783,772,105],"class_list":{"0":"post-2018","1":"product","2":"type-product","3":"status-publish","4":"has-post-thumbnail","6":"product_cat-sprzedane","7":"product_tag-chwost","8":"product_tag-drzewo-sandalowe","9":"product_tag-jaspis","10":"product_tag-mala-z-jaspisem-i-drzewem-sandalowym","11":"product_tag-naszyjnik-do-medytacji","12":"product_tag-turkus","14":"first","15":"outofstock","16":"shipping-taxable","17":"product-type-simple"},"jetpack_sharing_enabled":true,"_links":{"self":[{"href":"https:\/\/koraledetale.pl\/index.php?rest_route=\/wp\/v2\/product\/2018","targetHints":{"allow":["GET"]}}],"collection":[{"href":"https:\/\/koraledetale.pl\/index.php?rest_route=\/wp\/v2\/product"}],"about":[{"href":"https:\/\/koraledetale.pl\/index.php?rest_route=\/wp\/v2\/types\/product"}],"replies":[{"embeddable":true,"href":"https:\/\/koraledetale.pl\/index.php?rest_route=%2Fwp%2Fv2%2Fcomments&post=2018"}],"wp:featuredmedia":[{"embeddable":true,"href":"https:\/\/koraledetale.pl\/index.php?rest_route=\/wp\/v2\/media\/2019"}],"wp:attachment":[{"href":"https:\/\/koraledetale.pl\/index.php?rest_route=%2Fwp%2Fv2%2Fmedia&parent=2018"}],"wp:term":[{"taxonomy":"product_brand","embeddable":true,"href":"https:\/\/koraledetale.pl\/index.php?rest_route=%2Fwp%2Fv2%2Fproduct_brand&post=2018"},{"taxonomy":"product_cat","embeddable":true,"href":"https:\/\/koraledetale.pl\/index.php?rest_route=%2Fwp%2Fv2%2Fproduct_cat&post=2018"},{"taxonomy":"product_tag","embeddable":true,"href":"https:\/\/koraledetale.pl\/index.php?rest_route=%2Fwp%2Fv2%2Fproduct_tag&post=2018"}],"curies":[{"name":"wp","href":"https:\/\/api.w.org\/{rel}","templated":true}]}}