{"id":2006,"date":"2022-02-27T15:58:18","date_gmt":"2022-02-27T15:58:18","guid":{"rendered":"https:\/\/koraledetale.pl\/?post_type=product&#038;p=2006"},"modified":"2024-11-12T09:59:07","modified_gmt":"2024-11-12T09:59:07","slug":"mala-na-odwage","status":"publish","type":"product","link":"https:\/\/koraledetale.pl\/?product=mala-na-odwage","title":{"rendered":"Mala na odwag\u0119"},"content":{"rendered":"<p>Wielko\u015b\u0107 kamieni:<\/p>\n<ul>\n<li>nefryt \u2013 8 mm,<\/li>\n<li>drzewo sanda\u0142owe \u2013 8 mm,<\/li>\n<li>amazonit &#8211; 10 mm.<\/li>\n<\/ul>\n<p>D\u0142ugo\u015b\u0107 mali \u2013 101 cm + guru i chwost \u2013 10 cm.<\/p>\n","protected":false},"excerpt":{"rendered":"<p>Mala z nefrytami i drzewem sanda\u0142owym, z koralikiem guru &#8211; amazonitem oraz zielonym chwostem.<\/p>\n","protected":false},"featured_media":2007,"comment_status":"open","ping_status":"closed","template":"","meta":{"advanced_seo_description":"","jetpack_seo_html_title":"","jetpack_seo_noindex":false},"product_brand":[],"product_cat":[229],"product_tag":[53,65,779,777,776,772,778],"class_list":{"0":"post-2006","1":"product","2":"type-product","3":"status-publish","4":"has-post-thumbnail","6":"product_cat-sprzedane","7":"product_tag-amazonit","8":"product_tag-chwost","9":"product_tag-drzewo-sandalowe","10":"product_tag-mala-z-drzewem-sandalowym","11":"product_tag-mala-z-nefrytem","12":"product_tag-naszyjnik-do-medytacji","13":"product_tag-nefryt","15":"first","16":"outofstock","17":"shipping-taxable","18":"product-type-simple"},"jetpack_sharing_enabled":true,"_links":{"self":[{"href":"https:\/\/koraledetale.pl\/index.php?rest_route=\/wp\/v2\/product\/2006","targetHints":{"allow":["GET"]}}],"collection":[{"href":"https:\/\/koraledetale.pl\/index.php?rest_route=\/wp\/v2\/product"}],"about":[{"href":"https:\/\/koraledetale.pl\/index.php?rest_route=\/wp\/v2\/types\/product"}],"replies":[{"embeddable":true,"href":"https:\/\/koraledetale.pl\/index.php?rest_route=%2Fwp%2Fv2%2Fcomments&post=2006"}],"wp:featuredmedia":[{"embeddable":true,"href":"https:\/\/koraledetale.pl\/index.php?rest_route=\/wp\/v2\/media\/2007"}],"wp:attachment":[{"href":"https:\/\/koraledetale.pl\/index.php?rest_route=%2Fwp%2Fv2%2Fmedia&parent=2006"}],"wp:term":[{"taxonomy":"product_brand","embeddable":true,"href":"https:\/\/koraledetale.pl\/index.php?rest_route=%2Fwp%2Fv2%2Fproduct_brand&post=2006"},{"taxonomy":"product_cat","embeddable":true,"href":"https:\/\/koraledetale.pl\/index.php?rest_route=%2Fwp%2Fv2%2Fproduct_cat&post=2006"},{"taxonomy":"product_tag","embeddable":true,"href":"https:\/\/koraledetale.pl\/index.php?rest_route=%2Fwp%2Fv2%2Fproduct_tag&post=2006"}],"curies":[{"name":"wp","href":"https:\/\/api.w.org\/{rel}","templated":true}]}}