{"id":1998,"date":"2022-02-25T09:44:43","date_gmt":"2022-02-25T09:44:43","guid":{"rendered":"https:\/\/koraledetale.pl\/?post_type=product&#038;p=1998"},"modified":"2024-11-12T09:59:26","modified_gmt":"2024-11-12T09:59:26","slug":"naszyjnik-antydepresant-z-rubinem-kianitem-i-diopsydem","status":"publish","type":"product","link":"https:\/\/koraledetale.pl\/?product=naszyjnik-antydepresant-z-rubinem-kianitem-i-diopsydem","title":{"rendered":"Naszyjnik ANTYDEPRESANT z rubinem, kianitem i diopsydem"},"content":{"rendered":"<p>Wielko\u015b\u0107 kamieni:<\/p>\n<ul>\n<li>rubin &#8211; 7 mm,<\/li>\n<li>kianit &#8211; 6&#215;4 mm,<\/li>\n<li>diopsyd &#8211; 5&#215;3 mm.<\/li>\n<\/ul>\n<p>D\u0142ugo\u015b\u0107 naszyjnika: 44-49 cm.<\/p>\n","protected":false},"excerpt":{"rendered":"<p>\u0141a\u0144cuszek z zawieszk\u0105 z rubinu i dwiema kroplami &#8211; kianitu i diopsydu &#8211; po bokach.<\/p>\n<p>Naszyjnik wykonany jest z nieuczulaj\u0105cej stali chirurgicznej (szlachetnej).<\/p>\n","protected":false},"featured_media":2001,"comment_status":"open","ping_status":"closed","template":"","meta":{"advanced_seo_description":"","jetpack_seo_html_title":"","jetpack_seo_noindex":false},"product_brand":[],"product_cat":[229],"product_tag":[29,323,246,117,197,770,196],"class_list":{"0":"post-1998","1":"product","2":"type-product","3":"status-publish","4":"has-post-thumbnail","6":"product_cat-sprzedane","7":"product_tag-diopsyd","8":"product_tag-kianit","9":"product_tag-krotki-lancuszek-ze-stali-chirurgicznej","10":"product_tag-rubin","11":"product_tag-lancuszek-z-kamieniami-naturalnymi","12":"product_tag-lancuszek-z-rubinem","13":"product_tag-lancuszek-ze-stali-szlachetnej","15":"first","16":"outofstock","17":"shipping-taxable","18":"product-type-simple"},"jetpack_sharing_enabled":true,"_links":{"self":[{"href":"https:\/\/koraledetale.pl\/index.php?rest_route=\/wp\/v2\/product\/1998","targetHints":{"allow":["GET"]}}],"collection":[{"href":"https:\/\/koraledetale.pl\/index.php?rest_route=\/wp\/v2\/product"}],"about":[{"href":"https:\/\/koraledetale.pl\/index.php?rest_route=\/wp\/v2\/types\/product"}],"replies":[{"embeddable":true,"href":"https:\/\/koraledetale.pl\/index.php?rest_route=%2Fwp%2Fv2%2Fcomments&post=1998"}],"wp:featuredmedia":[{"embeddable":true,"href":"https:\/\/koraledetale.pl\/index.php?rest_route=\/wp\/v2\/media\/2001"}],"wp:attachment":[{"href":"https:\/\/koraledetale.pl\/index.php?rest_route=%2Fwp%2Fv2%2Fmedia&parent=1998"}],"wp:term":[{"taxonomy":"product_brand","embeddable":true,"href":"https:\/\/koraledetale.pl\/index.php?rest_route=%2Fwp%2Fv2%2Fproduct_brand&post=1998"},{"taxonomy":"product_cat","embeddable":true,"href":"https:\/\/koraledetale.pl\/index.php?rest_route=%2Fwp%2Fv2%2Fproduct_cat&post=1998"},{"taxonomy":"product_tag","embeddable":true,"href":"https:\/\/koraledetale.pl\/index.php?rest_route=%2Fwp%2Fv2%2Fproduct_tag&post=1998"}],"curies":[{"name":"wp","href":"https:\/\/api.w.org\/{rel}","templated":true}]}}