{"id":1995,"date":"2022-02-23T09:20:01","date_gmt":"2022-02-23T09:20:01","guid":{"rendered":"https:\/\/koraledetale.pl\/?post_type=product&#038;p=1995"},"modified":"2024-11-12T09:59:42","modified_gmt":"2024-11-12T09:59:42","slug":"bransoletka-szafirowe-oko-ii","status":"publish","type":"product","link":"https:\/\/koraledetale.pl\/?product=bransoletka-szafirowe-oko-ii","title":{"rendered":"Bransoletka SZAFIROWE OKO II"},"content":{"rendered":"<p>Wielko\u015b\u0107 kamieni:<\/p>\n<ul>\n<li>szafir \u2013 3 mm,<\/li>\n<li>hematyt \u2013 2\u00d71 mm.<\/li>\n<\/ul>\n<p>\u015arednica zawieszki &#8211; 12 mm.<\/p>\n<p>D\u0142ugo\u015b\u0107 bransoletki: 16-19 cm.<\/p>\n","protected":false},"excerpt":{"rendered":"<p>Bransoletka z szafir\u00f3w przeplatanych z\u0142otymi hematytami z zawieszk\u0105 \u2013 symbolem oka. Kamienie zasupe\u0142kowane s\u0105 na czerwonej, mocnej nici jubilerskiej.<\/p>\n<p>Wszystkie elementy metalowe wykonane s\u0105 z nieuczulaj\u0105cej stali chirurgicznej (szlachetnej).<\/p>\n","protected":false},"featured_media":1997,"comment_status":"open","ping_status":"closed","template":"","meta":{"advanced_seo_description":"","jetpack_seo_html_title":"","jetpack_seo_noindex":false},"product_brand":[],"product_cat":[229],"product_tag":[374,769,761,262,25,31],"class_list":{"0":"post-1995","1":"product","2":"type-product","3":"status-publish","4":"has-post-thumbnail","6":"product_cat-sprzedane","7":"product_tag-bransoletka-na-czerwonej-nitce","8":"product_tag-bransoletka-z-okiem-opatrznosci","9":"product_tag-bransoletka-z-szafirami","10":"product_tag-oko-opatrznosci","11":"product_tag-szafir","12":"product_tag-zloty-hematyt","14":"first","15":"outofstock","16":"shipping-taxable","17":"product-type-simple"},"jetpack_sharing_enabled":true,"_links":{"self":[{"href":"https:\/\/koraledetale.pl\/index.php?rest_route=\/wp\/v2\/product\/1995","targetHints":{"allow":["GET"]}}],"collection":[{"href":"https:\/\/koraledetale.pl\/index.php?rest_route=\/wp\/v2\/product"}],"about":[{"href":"https:\/\/koraledetale.pl\/index.php?rest_route=\/wp\/v2\/types\/product"}],"replies":[{"embeddable":true,"href":"https:\/\/koraledetale.pl\/index.php?rest_route=%2Fwp%2Fv2%2Fcomments&post=1995"}],"wp:featuredmedia":[{"embeddable":true,"href":"https:\/\/koraledetale.pl\/index.php?rest_route=\/wp\/v2\/media\/1997"}],"wp:attachment":[{"href":"https:\/\/koraledetale.pl\/index.php?rest_route=%2Fwp%2Fv2%2Fmedia&parent=1995"}],"wp:term":[{"taxonomy":"product_brand","embeddable":true,"href":"https:\/\/koraledetale.pl\/index.php?rest_route=%2Fwp%2Fv2%2Fproduct_brand&post=1995"},{"taxonomy":"product_cat","embeddable":true,"href":"https:\/\/koraledetale.pl\/index.php?rest_route=%2Fwp%2Fv2%2Fproduct_cat&post=1995"},{"taxonomy":"product_tag","embeddable":true,"href":"https:\/\/koraledetale.pl\/index.php?rest_route=%2Fwp%2Fv2%2Fproduct_tag&post=1995"}],"curies":[{"name":"wp","href":"https:\/\/api.w.org\/{rel}","templated":true}]}}