{"id":1989,"date":"2022-02-22T09:31:18","date_gmt":"2022-02-22T09:31:18","guid":{"rendered":"https:\/\/koraledetale.pl\/?post_type=product&#038;p=1989"},"modified":"2024-11-12T09:59:57","modified_gmt":"2024-11-12T09:59:57","slug":"naszyjnik-lunula-z-kwarcem-dymnym","status":"publish","type":"product","link":"https:\/\/koraledetale.pl\/?product=naszyjnik-lunula-z-kwarcem-dymnym","title":{"rendered":"Naszyjnik LUNULA z kwarcem dymnym"},"content":{"rendered":"<p>Wielko\u015b\u0107 kwarc\u00f3w dymnych \u2013 10\u00d76,5 mm.<\/p>\n<p>D\u0142ugo\u015b\u0107 naszyjnika: 44 -49 cm + zawieszka 2,5 cm.<\/p>\n","protected":false},"excerpt":{"rendered":"<p>\u0141a\u0144cuszek z nieuczulaj\u0105cej stali chirurgicznej (szlachetnej) z lunul\u0105 i \u0142ezk\u0105 kwarcu dymnego.<\/p>\n","protected":false},"featured_media":1984,"comment_status":"open","ping_status":"closed","template":"","meta":{"advanced_seo_description":"","jetpack_seo_html_title":"","jetpack_seo_noindex":false},"product_brand":[],"product_cat":[229],"product_tag":[180,501,63,687,757,686,765,766,767,195,196],"class_list":{"0":"post-1989","1":"product","2":"type-product","3":"status-publish","4":"has-post-thumbnail","6":"product_cat-sprzedane","7":"product_tag-bransoletka-z-kamieniami-naturalnymi-i-lancuszkiem","8":"product_tag-ksiezyc","9":"product_tag-kwarc-dymny","10":"product_tag-luna","11":"product_tag-lunula","12":"product_tag-lancuszek-z-ksiezycem","13":"product_tag-lancuszek-z-kwarcem-dymnym","14":"product_tag-lancuszek-z-luna","15":"product_tag-lancuszek-z-lunula","16":"product_tag-lancuszek-ze-stali-chirurgicznej","17":"product_tag-lancuszek-ze-stali-szlachetnej","19":"first","20":"outofstock","21":"shipping-taxable","22":"product-type-simple"},"jetpack_sharing_enabled":true,"_links":{"self":[{"href":"https:\/\/koraledetale.pl\/index.php?rest_route=\/wp\/v2\/product\/1989","targetHints":{"allow":["GET"]}}],"collection":[{"href":"https:\/\/koraledetale.pl\/index.php?rest_route=\/wp\/v2\/product"}],"about":[{"href":"https:\/\/koraledetale.pl\/index.php?rest_route=\/wp\/v2\/types\/product"}],"replies":[{"embeddable":true,"href":"https:\/\/koraledetale.pl\/index.php?rest_route=%2Fwp%2Fv2%2Fcomments&post=1989"}],"wp:featuredmedia":[{"embeddable":true,"href":"https:\/\/koraledetale.pl\/index.php?rest_route=\/wp\/v2\/media\/1984"}],"wp:attachment":[{"href":"https:\/\/koraledetale.pl\/index.php?rest_route=%2Fwp%2Fv2%2Fmedia&parent=1989"}],"wp:term":[{"taxonomy":"product_brand","embeddable":true,"href":"https:\/\/koraledetale.pl\/index.php?rest_route=%2Fwp%2Fv2%2Fproduct_brand&post=1989"},{"taxonomy":"product_cat","embeddable":true,"href":"https:\/\/koraledetale.pl\/index.php?rest_route=%2Fwp%2Fv2%2Fproduct_cat&post=1989"},{"taxonomy":"product_tag","embeddable":true,"href":"https:\/\/koraledetale.pl\/index.php?rest_route=%2Fwp%2Fv2%2Fproduct_tag&post=1989"}],"curies":[{"name":"wp","href":"https:\/\/api.w.org\/{rel}","templated":true}]}}