{"id":1983,"date":"2022-02-22T09:24:27","date_gmt":"2022-02-22T09:24:27","guid":{"rendered":"https:\/\/koraledetale.pl\/?post_type=product&#038;p=1983"},"modified":"2024-11-12T10:00:06","modified_gmt":"2024-11-12T10:00:06","slug":"kolczyki-lunula-z-kwarcem-dymnym","status":"publish","type":"product","link":"https:\/\/koraledetale.pl\/?product=kolczyki-lunula-z-kwarcem-dymnym","title":{"rendered":"Kolczyki LUNULA z kwarcem dymnym"},"content":{"rendered":"<p>Wielko\u015b\u0107 kwarc\u00f3w dymnych &#8211; 10&#215;6,5 mm.<\/p>\n<p>D\u0142ugo\u015b\u0107 kolczyk\u00f3w &#8211; 3 cm.<\/p>\n","protected":false},"excerpt":{"rendered":"<p>Kolczyki z nieuczulaj\u0105cej stali chirurgicznej (szlachetnej) z lunul\u0105 i \u0142ezk\u0105 kwarcu dymnego.<\/p>\n","protected":false},"featured_media":1988,"comment_status":"open","ping_status":"closed","template":"","meta":{"advanced_seo_description":"","jetpack_seo_html_title":"","jetpack_seo_noindex":false},"product_brand":[],"product_cat":[229],"product_tag":[424,760,763,764,107,108,501,63,687,757],"class_list":{"0":"post-1983","1":"product","2":"type-product","3":"status-publish","4":"has-post-thumbnail","6":"product_cat-sprzedane","7":"product_tag-kolczyki-z-ksiezycem","8":"product_tag-kolczyki-z-kwarcem-dymnym","9":"product_tag-kolczyki-z-luna","10":"product_tag-kolczyki-z-lunula","11":"product_tag-kolczyki-ze-stali-chirurgicznej","12":"product_tag-kolczyki-ze-stali-szlachetnej","13":"product_tag-ksiezyc","14":"product_tag-kwarc-dymny","15":"product_tag-luna","16":"product_tag-lunula","18":"first","19":"outofstock","20":"shipping-taxable","21":"product-type-simple"},"jetpack_sharing_enabled":true,"_links":{"self":[{"href":"https:\/\/koraledetale.pl\/index.php?rest_route=\/wp\/v2\/product\/1983","targetHints":{"allow":["GET"]}}],"collection":[{"href":"https:\/\/koraledetale.pl\/index.php?rest_route=\/wp\/v2\/product"}],"about":[{"href":"https:\/\/koraledetale.pl\/index.php?rest_route=\/wp\/v2\/types\/product"}],"replies":[{"embeddable":true,"href":"https:\/\/koraledetale.pl\/index.php?rest_route=%2Fwp%2Fv2%2Fcomments&post=1983"}],"wp:featuredmedia":[{"embeddable":true,"href":"https:\/\/koraledetale.pl\/index.php?rest_route=\/wp\/v2\/media\/1988"}],"wp:attachment":[{"href":"https:\/\/koraledetale.pl\/index.php?rest_route=%2Fwp%2Fv2%2Fmedia&parent=1983"}],"wp:term":[{"taxonomy":"product_brand","embeddable":true,"href":"https:\/\/koraledetale.pl\/index.php?rest_route=%2Fwp%2Fv2%2Fproduct_brand&post=1983"},{"taxonomy":"product_cat","embeddable":true,"href":"https:\/\/koraledetale.pl\/index.php?rest_route=%2Fwp%2Fv2%2Fproduct_cat&post=1983"},{"taxonomy":"product_tag","embeddable":true,"href":"https:\/\/koraledetale.pl\/index.php?rest_route=%2Fwp%2Fv2%2Fproduct_tag&post=1983"}],"curies":[{"name":"wp","href":"https:\/\/api.w.org\/{rel}","templated":true}]}}