{"id":1979,"date":"2022-02-21T16:26:09","date_gmt":"2022-02-21T16:26:09","guid":{"rendered":"https:\/\/koraledetale.pl\/?post_type=product&#038;p=1979"},"modified":"2024-11-12T10:00:37","modified_gmt":"2024-11-12T10:00:37","slug":"bransoletka-madrosc-z-szafirami-i-rubinami","status":"publish","type":"product","link":"https:\/\/koraledetale.pl\/?product=bransoletka-madrosc-z-szafirami-i-rubinami","title":{"rendered":"Bransoletka M\u0104DRO\u015a\u0106 z szafirami i rubinami"},"content":{"rendered":"<p>Wielko\u015b\u0107 kamieni:<\/p>\n<ul>\n<li>szafir &#8211; 3 mm,<\/li>\n<li>rubin &#8211; 3 mm,<\/li>\n<li>hematyt &#8211; 2&#215;1 mm i 2 mm.<\/li>\n<\/ul>\n<p>\u015arednica zawieszki &#8211; 12 mm.<\/p>\n<p>D\u0142ugo\u015b bransoletki: 16-19 cm.<\/p>\n","protected":false},"excerpt":{"rendered":"<p>Bransoletka z szafirami, rubinami i z\u0142otymi hematytami, zasupe\u0142kowanymi na czerwonej, mocnej nici jubilerskiej. W centrum okr\u0105g\u0142a zawieszka z motywem pogniecionej, pofa\u0142dowanej powierzchni, z czerwon\u0105 nitk\u0105 dla ochrony i szcz\u0119\u015bcia. Wszystkie elementy metalowe wykonane s\u0105 z nieuczulaj\u0105cej stali chirurgicznej (szlachetnej).<\/p>\n","protected":false},"featured_media":1982,"comment_status":"open","ping_status":"closed","template":"","meta":{"advanced_seo_description":"","jetpack_seo_html_title":"","jetpack_seo_noindex":false},"product_brand":[],"product_cat":[229],"product_tag":[374,80,762,761,72],"class_list":{"0":"post-1979","1":"product","2":"type-product","3":"status-publish","4":"has-post-thumbnail","6":"product_cat-sprzedane","7":"product_tag-bransoletka-na-czerwonej-nitce","8":"product_tag-bransoletka-z-kamieniami-naturalnymi","9":"product_tag-bransoletka-z-rubinami","10":"product_tag-bransoletka-z-szafirami","11":"product_tag-zawieszka","13":"first","14":"outofstock","15":"shipping-taxable","16":"product-type-simple"},"jetpack_sharing_enabled":true,"_links":{"self":[{"href":"https:\/\/koraledetale.pl\/index.php?rest_route=\/wp\/v2\/product\/1979","targetHints":{"allow":["GET"]}}],"collection":[{"href":"https:\/\/koraledetale.pl\/index.php?rest_route=\/wp\/v2\/product"}],"about":[{"href":"https:\/\/koraledetale.pl\/index.php?rest_route=\/wp\/v2\/types\/product"}],"replies":[{"embeddable":true,"href":"https:\/\/koraledetale.pl\/index.php?rest_route=%2Fwp%2Fv2%2Fcomments&post=1979"}],"wp:featuredmedia":[{"embeddable":true,"href":"https:\/\/koraledetale.pl\/index.php?rest_route=\/wp\/v2\/media\/1982"}],"wp:attachment":[{"href":"https:\/\/koraledetale.pl\/index.php?rest_route=%2Fwp%2Fv2%2Fmedia&parent=1979"}],"wp:term":[{"taxonomy":"product_brand","embeddable":true,"href":"https:\/\/koraledetale.pl\/index.php?rest_route=%2Fwp%2Fv2%2Fproduct_brand&post=1979"},{"taxonomy":"product_cat","embeddable":true,"href":"https:\/\/koraledetale.pl\/index.php?rest_route=%2Fwp%2Fv2%2Fproduct_cat&post=1979"},{"taxonomy":"product_tag","embeddable":true,"href":"https:\/\/koraledetale.pl\/index.php?rest_route=%2Fwp%2Fv2%2Fproduct_tag&post=1979"}],"curies":[{"name":"wp","href":"https:\/\/api.w.org\/{rel}","templated":true}]}}