{"id":1972,"date":"2022-02-19T10:58:40","date_gmt":"2022-02-19T10:58:40","guid":{"rendered":"https:\/\/koraledetale.pl\/?post_type=product&#038;p=1972"},"modified":"2024-11-12T10:00:47","modified_gmt":"2024-11-12T10:00:47","slug":"kolczyki-pozytywna-energia-z-kwarcem-dymnym-i-turmalinem","status":"publish","type":"product","link":"https:\/\/koraledetale.pl\/?product=kolczyki-pozytywna-energia-z-kwarcem-dymnym-i-turmalinem","title":{"rendered":"Kolczyki POZYTYWNA ENERGIA z kwarcem dymnym i turmalinem"},"content":{"rendered":"<p>Wielko\u015b\u0107 kamieni:<\/p>\n<ul>\n<li>turmalin \u2013 4 mm,<\/li>\n<li>kwarc dymny \u2013 4,5 mm,<\/li>\n<li>hematyt \u2013 3x2mm i 3\u00d71 mm.<\/li>\n<\/ul>\n<p>D\u0142ugo\u015b\u0107 kolczyk\u00f3w \u2013 1,9 cm.<\/p>\n","protected":false},"excerpt":{"rendered":"<p>Kolczyki na k\u00f3\u0142kach typu kajdanki z r\u00f3\u017cowym turmalinem, kwarcem dymnym i z\u0142otym hematytem.<\/p>\n<p>Kolczyki wykonane s\u0105 z nieuczulaj\u0105cej stali chirurgicznej (szlachetnej).<\/p>\n","protected":false},"featured_media":1969,"comment_status":"open","ping_status":"closed","template":"","meta":{"advanced_seo_description":"","jetpack_seo_html_title":"","jetpack_seo_noindex":false},"product_brand":[],"product_cat":[229],"product_tag":[226,95,760,303,107,108,63,87,31],"class_list":{"0":"post-1972","1":"product","2":"type-product","3":"status-publish","4":"has-post-thumbnail","6":"product_cat-sprzedane","7":"product_tag-kolczyki-kolka","8":"product_tag-kolczyki-z-kamieniami-naturalnymi","9":"product_tag-kolczyki-z-kwarcem-dymnym","10":"product_tag-kolczyki-z-turmalinem","11":"product_tag-kolczyki-ze-stali-chirurgicznej","12":"product_tag-kolczyki-ze-stali-szlachetnej","13":"product_tag-kwarc-dymny","14":"product_tag-turmalin","15":"product_tag-zloty-hematyt","17":"first","18":"outofstock","19":"shipping-taxable","20":"product-type-simple"},"jetpack_sharing_enabled":true,"_links":{"self":[{"href":"https:\/\/koraledetale.pl\/index.php?rest_route=\/wp\/v2\/product\/1972","targetHints":{"allow":["GET"]}}],"collection":[{"href":"https:\/\/koraledetale.pl\/index.php?rest_route=\/wp\/v2\/product"}],"about":[{"href":"https:\/\/koraledetale.pl\/index.php?rest_route=\/wp\/v2\/types\/product"}],"replies":[{"embeddable":true,"href":"https:\/\/koraledetale.pl\/index.php?rest_route=%2Fwp%2Fv2%2Fcomments&post=1972"}],"wp:featuredmedia":[{"embeddable":true,"href":"https:\/\/koraledetale.pl\/index.php?rest_route=\/wp\/v2\/media\/1969"}],"wp:attachment":[{"href":"https:\/\/koraledetale.pl\/index.php?rest_route=%2Fwp%2Fv2%2Fmedia&parent=1972"}],"wp:term":[{"taxonomy":"product_brand","embeddable":true,"href":"https:\/\/koraledetale.pl\/index.php?rest_route=%2Fwp%2Fv2%2Fproduct_brand&post=1972"},{"taxonomy":"product_cat","embeddable":true,"href":"https:\/\/koraledetale.pl\/index.php?rest_route=%2Fwp%2Fv2%2Fproduct_cat&post=1972"},{"taxonomy":"product_tag","embeddable":true,"href":"https:\/\/koraledetale.pl\/index.php?rest_route=%2Fwp%2Fv2%2Fproduct_tag&post=1972"}],"curies":[{"name":"wp","href":"https:\/\/api.w.org\/{rel}","templated":true}]}}